{"id":268,"date":"2025-06-13T14:36:19","date_gmt":"2025-06-13T14:36:19","guid":{"rendered":"https:\/\/thisismuri.com\/?page_id=268"},"modified":"2026-03-17T15:51:24","modified_gmt":"2026-03-17T15:51:24","slug":"web-design","status":"publish","type":"page","link":"https:\/\/thisismuri.com\/en\/web-design\/","title":{"rendered":"Web Design"},"content":{"rendered":"\t\t<div data-elementor-type=\"wp-page\" data-elementor-id=\"268\" class=\"elementor elementor-268\" data-elementor-post-type=\"page\">\n\t\t\t\t<div class=\"elementor-element elementor-element-25b5f5b e-con-full e-flex e-con e-parent\" data-id=\"25b5f5b\" data-element_type=\"container\" data-e-type=\"container\" data-settings=\"{&quot;background_background&quot;:&quot;classic&quot;}\">\n\t\t\t\t<\/div>\n\t\t<div class=\"elementor-element elementor-element-4d3d89f e-flex e-con-boxed e-con e-parent\" data-id=\"4d3d89f\" data-element_type=\"container\" data-e-type=\"container\">\n\t\t\t\t\t<div class=\"e-con-inner\">\n\t\t<div class=\"elementor-element elementor-element-2fa19e9 e-con-full e-flex e-con e-child\" data-id=\"2fa19e9\" data-element_type=\"container\" data-e-type=\"container\">\n\t\t\t\t<div class=\"elementor-element elementor-element-409d220 elementor-widget elementor-widget-text-editor\" data-id=\"409d220\" data-element_type=\"widget\" data-e-type=\"widget\" data-widget_type=\"text-editor.default\">\n\t\t\t\t<div class=\"elementor-widget-container\">\n\t\t\t\t\t\t\t\t\t<p>Servi\u00e7os<\/p>\t\t\t\t\t\t\t\t<\/div>\n\t\t\t\t<\/div>\n\t\t\t\t<div class=\"elementor-element elementor-element-90c06af elementor-widget elementor-widget-heading\" data-id=\"90c06af\" data-element_type=\"widget\" data-e-type=\"widget\" data-widget_type=\"heading.default\">\n\t\t\t\t<div class=\"elementor-widget-container\">\n\t\t\t\t\t<h1 class=\"elementor-heading-title elementor-size-default\">Web Design<\/h1>\t\t\t\t<\/div>\n\t\t\t\t<\/div>\n\t\t\t\t<div class=\"elementor-element elementor-element-58d14dd elementor-widget elementor-widget-text-editor\" data-id=\"58d14dd\" data-element_type=\"widget\" data-e-type=\"widget\" data-widget_type=\"text-editor.default\">\n\t\t\t\t<div class=\"elementor-widget-container\">\n\t\t\t\t\t\t\t\t\t<p>Na MURI, o nosso foco vai al\u00e9m da est\u00e9tica. Desenvolvemos sites e lojas online que maximizam vendas e geram resultados.<\/p><p>Aqui, criamos experi\u00eancias digitais como verdadeiros mestres samurais. Sabemos que a primeira impress\u00e3o no mundo online pode determinar o sucesso do teu neg\u00f3cio. Portanto, um site bem projetado n\u00e3o \u00e9 apenas importante &#8211; \u00e9 essencial para capturar a aten\u00e7\u00e3o dos teus clientes e converter a\u00e7\u00f5es de visita.<\/p><p>Queres aumentar as tuas vendas? Fale conosco agora e descubra como podemos te ajudar!<\/p>\t\t\t\t\t\t\t\t<\/div>\n\t\t\t\t<\/div>\n\t\t\t\t<\/div>\n\t\t<div class=\"elementor-element elementor-element-2ed4909 e-con-full e-flex e-con e-child\" data-id=\"2ed4909\" data-element_type=\"container\" data-e-type=\"container\">\n\t\t\t\t<\/div>\n\t\t\t\t\t<\/div>\n\t\t\t\t<\/div>\n\t\t<div class=\"elementor-element elementor-element-9ebdb6f e-flex e-con-boxed e-con e-parent\" data-id=\"9ebdb6f\" data-element_type=\"container\" data-e-type=\"container\">\n\t\t\t\t\t<div class=\"e-con-inner\">\n\t\t<div class=\"elementor-element elementor-element-05be9e8 e-con-full e-flex e-con e-child\" data-id=\"05be9e8\" data-element_type=\"container\" data-e-type=\"container\">\n\t\t\t\t<div class=\"elementor-element elementor-element-91fff4c elementor-position-left elementor-vertical-align-top elementor-widget elementor-widget-image-box\" data-id=\"91fff4c\" data-element_type=\"widget\" data-e-type=\"widget\" data-widget_type=\"image-box.default\">\n\t\t\t\t<div class=\"elementor-widget-container\">\n\t\t\t\t\t<div class=\"elementor-image-box-wrapper\"><figure class=\"elementor-image-box-img\"><img fetchpriority=\"high\" decoding=\"async\" width=\"417\" height=\"417\" src=\"https:\/\/thisismuri.com\/wp-content\/uploads\/2025\/06\/UXUI.webp\" class=\"attachment-full size-full wp-image-523\" alt=\"\" srcset=\"https:\/\/thisismuri.com\/wp-content\/uploads\/2025\/06\/UXUI.webp 417w, https:\/\/thisismuri.com\/wp-content\/uploads\/2025\/06\/UXUI-300x300.webp 300w, https:\/\/thisismuri.com\/wp-content\/uploads\/2025\/06\/UXUI-150x150.webp 150w\" sizes=\"(max-width: 417px) 100vw, 417px\" \/><\/figure><div class=\"elementor-image-box-content\"><h2 class=\"elementor-image-box-title\">UX\/UI Design<\/h2><p class=\"elementor-image-box-description\">Experi\u00eancia do Usu\u00e1rio (UX) e Interface do Usu\u00e1rio (UI) s\u00e3o as t\u00e9cnicas que usamos para tornar seu site f\u00e1cil e agrad\u00e1vel de navegar. O objetivo \u00e9 que cada intera\u00e7\u00e3o no seu site seja intuitiva e eficaz, desde o clique inicial at\u00e9 a conclus\u00e3o de uma compra ou envio.\n<p>\n<p>Isso significa mais tempo no site, maior engajamento e aumento na convers\u00e3o de vendas.\n<p>\nVamos transformar seus visitantes em clientes? <\/p><\/div><\/div>\t\t\t\t<\/div>\n\t\t\t\t<\/div>\n\t\t\t\t<\/div>\n\t\t<div class=\"elementor-element elementor-element-87fb2fe e-con-full e-flex e-con e-child\" data-id=\"87fb2fe\" data-element_type=\"container\" data-e-type=\"container\">\n\t\t\t\t<div class=\"elementor-element elementor-element-8fc0801 elementor-position-left elementor-vertical-align-top elementor-widget elementor-widget-image-box\" data-id=\"8fc0801\" data-element_type=\"widget\" data-e-type=\"widget\" data-widget_type=\"image-box.default\">\n\t\t\t\t<div class=\"elementor-widget-container\">\n\t\t\t\t\t<div class=\"elementor-image-box-wrapper\"><figure class=\"elementor-image-box-img\"><img decoding=\"async\" width=\"417\" height=\"417\" src=\"https:\/\/thisismuri.com\/wp-content\/uploads\/2025\/06\/LandingPages.webp\" class=\"attachment-full size-full wp-image-524\" alt=\"\" srcset=\"https:\/\/thisismuri.com\/wp-content\/uploads\/2025\/06\/LandingPages.webp 417w, https:\/\/thisismuri.com\/wp-content\/uploads\/2025\/06\/LandingPages-300x300.webp 300w, https:\/\/thisismuri.com\/wp-content\/uploads\/2025\/06\/LandingPages-150x150.webp 150w\" sizes=\"(max-width: 417px) 100vw, 417px\" \/><\/figure><div class=\"elementor-image-box-content\"><h2 class=\"elementor-image-box-title\">Landing Pages<\/h2><p class=\"elementor-image-box-description\">Uma landing page otimizada para resultados \u00e9 como um golpe certeiro de katana. Direta ao assunto: gerar contactos.\n<p>\n<p>As nossas p\u00e1ginas s\u00e3o concebidas para captar a aten\u00e7\u00e3o e guiar os utilizadores para a a\u00e7\u00e3o que pretende, seja registar-se, fazer uma compra ou solicitar um or\u00e7amento.\n<p>\nProcura landing pages impactantes que gerem resultados? Est\u00e1 no lugar certo.<\/p><\/div><\/div>\t\t\t\t<\/div>\n\t\t\t\t<\/div>\n\t\t\t\t<\/div>\n\t\t\t\t\t<\/div>\n\t\t\t\t<\/div>\n\t\t<div class=\"elementor-element elementor-element-9ba45b7 e-flex e-con-boxed e-con e-parent\" data-id=\"9ba45b7\" data-element_type=\"container\" data-e-type=\"container\">\n\t\t\t\t\t<div class=\"e-con-inner\">\n\t\t<div class=\"elementor-element elementor-element-0af3e67 e-con-full e-flex e-con e-child\" data-id=\"0af3e67\" data-element_type=\"container\" data-e-type=\"container\">\n\t\t\t\t<div class=\"elementor-element elementor-element-6a378df elementor-position-left elementor-vertical-align-top elementor-widget elementor-widget-image-box\" data-id=\"6a378df\" data-element_type=\"widget\" data-e-type=\"widget\" data-widget_type=\"image-box.default\">\n\t\t\t\t<div class=\"elementor-widget-container\">\n\t\t\t\t\t<div class=\"elementor-image-box-wrapper\"><figure class=\"elementor-image-box-img\"><img decoding=\"async\" width=\"417\" height=\"417\" src=\"https:\/\/thisismuri.com\/wp-content\/uploads\/2025\/06\/WebsiteDevelop.webp\" class=\"attachment-full size-full wp-image-525\" alt=\"\" srcset=\"https:\/\/thisismuri.com\/wp-content\/uploads\/2025\/06\/WebsiteDevelop.webp 417w, https:\/\/thisismuri.com\/wp-content\/uploads\/2025\/06\/WebsiteDevelop-300x300.webp 300w, https:\/\/thisismuri.com\/wp-content\/uploads\/2025\/06\/WebsiteDevelop-150x150.webp 150w\" sizes=\"(max-width: 417px) 100vw, 417px\" \/><\/figure><div class=\"elementor-image-box-content\"><h2 class=\"elementor-image-box-title\">Desenvolvimento de Website<\/h2><p class=\"elementor-image-box-description\">Os sites que desenvolvemos s\u00e3o como a armadura de um samurai: fortes, bem estruturados e prontos para qualquer desafio digital.\n<p><p>\nDa ideia \u00e0 execu\u00e7\u00e3o, utilizamos ferramentas inovadoras para garantir que o seu website \u00e9 r\u00e1pido, responsivo e est\u00e1 desenhado para gerar resultados.\n<p>\n<p>Pronto para transformar a sua presen\u00e7a online? Vamos construir juntos!<\/p><\/div><\/div>\t\t\t\t<\/div>\n\t\t\t\t<\/div>\n\t\t\t\t<\/div>\n\t\t<div class=\"elementor-element elementor-element-7b83683 e-con-full e-flex e-con e-child\" data-id=\"7b83683\" data-element_type=\"container\" data-e-type=\"container\">\n\t\t\t\t<div class=\"elementor-element elementor-element-44630aa elementor-position-left elementor-vertical-align-top elementor-widget elementor-widget-image-box\" data-id=\"44630aa\" data-element_type=\"widget\" data-e-type=\"widget\" data-widget_type=\"image-box.default\">\n\t\t\t\t<div class=\"elementor-widget-container\">\n\t\t\t\t\t<div class=\"elementor-image-box-wrapper\"><figure class=\"elementor-image-box-img\"><img loading=\"lazy\" decoding=\"async\" width=\"417\" height=\"417\" src=\"https:\/\/thisismuri.com\/wp-content\/uploads\/2025\/06\/ecommerce.webp\" class=\"attachment-full size-full wp-image-526\" alt=\"\" srcset=\"https:\/\/thisismuri.com\/wp-content\/uploads\/2025\/06\/ecommerce.webp 417w, https:\/\/thisismuri.com\/wp-content\/uploads\/2025\/06\/ecommerce-300x300.webp 300w, https:\/\/thisismuri.com\/wp-content\/uploads\/2025\/06\/ecommerce-150x150.webp 150w\" sizes=\"(max-width: 417px) 100vw, 417px\" \/><\/figure><div class=\"elementor-image-box-content\"><h2 class=\"elementor-image-box-title\">e-Commerce<\/h2><p class=\"elementor-image-box-description\">A sua loja virtual precisa de ser t\u00e3o elegante como uma katana pronta para o combate: n\u00e3o s\u00f3 impressiona, como tamb\u00e9m gera vendas.\n<p><p>\nCada clique e detalhe s\u00e3o uma experi\u00eancia otimizada para atrair, envolver e converter visitantes em compradores fi\u00e9is.\n<p>\nQuer melhorar a sua loja virtual e impulsionar as vendas? Vamos conversar!<\/p><\/div><\/div>\t\t\t\t<\/div>\n\t\t\t\t<\/div>\n\t\t\t\t<\/div>\n\t\t\t\t\t<\/div>\n\t\t\t\t<\/div>\n\t\t<div class=\"elementor-element elementor-element-9922d74 e-flex e-con-boxed e-con e-parent\" data-id=\"9922d74\" data-element_type=\"container\" data-e-type=\"container\">\n\t\t\t\t\t<div class=\"e-con-inner\">\n\t\t<div class=\"elementor-element elementor-element-c1cd3c3 e-con-full e-flex e-con e-child\" data-id=\"c1cd3c3\" data-element_type=\"container\" data-e-type=\"container\">\n\t\t\t\t<div class=\"elementor-element elementor-element-12745d2 elementor-widget elementor-widget-image\" data-id=\"12745d2\" data-element_type=\"widget\" data-e-type=\"widget\" data-widget_type=\"image.default\">\n\t\t\t\t<div class=\"elementor-widget-container\">\n\t\t\t\t\t\t\t\t\t\t\t\t\t\t\t<img loading=\"lazy\" decoding=\"async\" width=\"800\" height=\"451\" src=\"https:\/\/thisismuri.com\/wp-content\/uploads\/2025\/06\/portomotorent-web-1024x577.webp\" class=\"attachment-large size-large wp-image-384\" alt=\"\" srcset=\"https:\/\/thisismuri.com\/wp-content\/uploads\/2025\/06\/portomotorent-web-1024x577.webp 1024w, https:\/\/thisismuri.com\/wp-content\/uploads\/2025\/06\/portomotorent-web-300x169.webp 300w, https:\/\/thisismuri.com\/wp-content\/uploads\/2025\/06\/portomotorent-web-768x433.webp 768w, https:\/\/thisismuri.com\/wp-content\/uploads\/2025\/06\/portomotorent-web-1536x866.webp 1536w, https:\/\/thisismuri.com\/wp-content\/uploads\/2025\/06\/portomotorent-web.webp 1603w\" sizes=\"(max-width: 800px) 100vw, 800px\" \/>\t\t\t\t\t\t\t\t\t\t\t\t\t\t\t<\/div>\n\t\t\t\t<\/div>\n\t\t\t\t<\/div>\n\t\t<div class=\"elementor-element elementor-element-d77b891 e-con-full e-flex e-con e-child\" data-id=\"d77b891\" data-element_type=\"container\" data-e-type=\"container\">\n\t\t\t\t<div class=\"elementor-element elementor-element-7990624 elementor-widget elementor-widget-video\" data-id=\"7990624\" data-element_type=\"widget\" data-e-type=\"widget\" data-settings=\"{&quot;video_type&quot;:&quot;hosted&quot;,&quot;autoplay&quot;:&quot;yes&quot;,&quot;loop&quot;:&quot;yes&quot;}\" data-widget_type=\"video.default\">\n\t\t\t\t<div class=\"elementor-widget-container\">\n\t\t\t\t\t\t\t<div class=\"e-hosted-video elementor-wrapper elementor-open-inline\">\n\t\t\t\t\t<video class=\"elementor-video\" src=\"https:\/\/thisismuri.com\/wp-content\/uploads\/2025\/06\/LP-Audi.mp4\" autoplay=\"\" loop=\"\" controlsList=\"nodownload\"><\/video>\n\t\t\t\t<\/div>\n\t\t\t\t\t\t<\/div>\n\t\t\t\t<\/div>\n\t\t\t\t<\/div>\n\t\t\t\t\t<\/div>\n\t\t\t\t<\/div>\n\t\t<div class=\"elementor-element elementor-element-cc895ae e-flex e-con-boxed e-con e-parent\" data-id=\"cc895ae\" data-element_type=\"container\" data-e-type=\"container\">\n\t\t\t\t\t<div class=\"e-con-inner\">\n\t\t<div class=\"elementor-element elementor-element-aba74ec e-con-full e-flex e-con e-child\" data-id=\"aba74ec\" data-element_type=\"container\" data-e-type=\"container\">\n\t\t\t\t<div class=\"elementor-element elementor-element-ef22451 elementor-widget elementor-widget-image\" data-id=\"ef22451\" data-element_type=\"widget\" data-e-type=\"widget\" data-widget_type=\"image.default\">\n\t\t\t\t<div class=\"elementor-widget-container\">\n\t\t\t\t\t\t\t\t\t\t\t\t\t\t\t<img loading=\"lazy\" decoding=\"async\" width=\"800\" height=\"451\" src=\"https:\/\/thisismuri.com\/wp-content\/uploads\/2025\/06\/murionlyforthebold-1024x577.webp\" class=\"attachment-large size-large wp-image-386\" alt=\"\" srcset=\"https:\/\/thisismuri.com\/wp-content\/uploads\/2025\/06\/murionlyforthebold-1024x577.webp 1024w, https:\/\/thisismuri.com\/wp-content\/uploads\/2025\/06\/murionlyforthebold-300x169.webp 300w, https:\/\/thisismuri.com\/wp-content\/uploads\/2025\/06\/murionlyforthebold-768x433.webp 768w, https:\/\/thisismuri.com\/wp-content\/uploads\/2025\/06\/murionlyforthebold-1536x866.webp 1536w, https:\/\/thisismuri.com\/wp-content\/uploads\/2025\/06\/murionlyforthebold.webp 1603w\" sizes=\"(max-width: 800px) 100vw, 800px\" \/>\t\t\t\t\t\t\t\t\t\t\t\t\t\t\t<\/div>\n\t\t\t\t<\/div>\n\t\t\t\t<\/div>\n\t\t<div class=\"elementor-element elementor-element-543a5a2 e-con-full e-flex e-con e-child\" data-id=\"543a5a2\" data-element_type=\"container\" data-e-type=\"container\">\n\t\t\t\t<div class=\"elementor-element elementor-element-c19772f elementor-widget elementor-widget-image\" data-id=\"c19772f\" data-element_type=\"widget\" data-e-type=\"widget\" data-widget_type=\"image.default\">\n\t\t\t\t<div class=\"elementor-widget-container\">\n\t\t\t\t\t\t\t\t\t\t\t\t\t\t\t<img loading=\"lazy\" decoding=\"async\" width=\"800\" height=\"451\" src=\"https:\/\/thisismuri.com\/wp-content\/uploads\/2025\/06\/byd-web-1024x577.webp\" class=\"attachment-large size-large wp-image-387\" alt=\"\" srcset=\"https:\/\/thisismuri.com\/wp-content\/uploads\/2025\/06\/byd-web-1024x577.webp 1024w, https:\/\/thisismuri.com\/wp-content\/uploads\/2025\/06\/byd-web-300x169.webp 300w, https:\/\/thisismuri.com\/wp-content\/uploads\/2025\/06\/byd-web-768x433.webp 768w, https:\/\/thisismuri.com\/wp-content\/uploads\/2025\/06\/byd-web-1536x866.webp 1536w, https:\/\/thisismuri.com\/wp-content\/uploads\/2025\/06\/byd-web-2048x1155.webp 2048w\" sizes=\"(max-width: 800px) 100vw, 800px\" \/>\t\t\t\t\t\t\t\t\t\t\t\t\t\t\t<\/div>\n\t\t\t\t<\/div>\n\t\t\t\t<\/div>\n\t\t\t\t\t<\/div>\n\t\t\t\t<\/div>\n\t\t<div class=\"elementor-element elementor-element-1ecd831 e-flex e-con-boxed e-con e-parent\" data-id=\"1ecd831\" data-element_type=\"container\" data-e-type=\"container\">\n\t\t\t\t\t<div class=\"e-con-inner\">\n\t\t\t\t<div class=\"elementor-element elementor-element-f581d97 elementor-widget elementor-widget-heading\" data-id=\"f581d97\" data-element_type=\"widget\" data-e-type=\"widget\" data-widget_type=\"heading.default\">\n\t\t\t\t<div class=\"elementor-widget-container\">\n\t\t\t\t\t<h2 class=\"elementor-heading-title elementor-size-default\">Vamos criar algo \u00fanico.\n<\/h2>\t\t\t\t<\/div>\n\t\t\t\t<\/div>\n\t\t\t\t<div class=\"elementor-element elementor-element-1519825 elementor-widget elementor-widget-heading\" data-id=\"1519825\" data-element_type=\"widget\" data-e-type=\"widget\" data-widget_type=\"heading.default\">\n\t\t\t\t<div class=\"elementor-widget-container\">\n\t\t\t\t\t<h2 class=\"elementor-heading-title elementor-size-default\">Estamos ansiosos para ouvir a sua hist\u00f3ria!<\/h2>\t\t\t\t<\/div>\n\t\t\t\t<\/div>\n\t\t\t\t<div class=\"elementor-element elementor-element-41a62a5 elementor-widget elementor-widget-text-editor\" data-id=\"41a62a5\" data-element_type=\"widget\" data-e-type=\"widget\" data-widget_type=\"text-editor.default\">\n\t\t\t\t<div class=\"elementor-widget-container\">\n\t\t\t\t\t\t\t\t\t<p>Comece o seu projeto hoje.<\/p>\t\t\t\t\t\t\t\t<\/div>\n\t\t\t\t<\/div>\n\t\t\t\t\t<\/div>\n\t\t\t\t<\/div>\n\t\t<div class=\"elementor-element elementor-element-5ba5e4f e-flex e-con-boxed e-con e-parent\" data-id=\"5ba5e4f\" data-element_type=\"container\" data-e-type=\"container\">\n\t\t\t\t\t<div class=\"e-con-inner\">\n\t\t\t\t<div class=\"elementor-element elementor-element-f1cfe5b elementor-button-align-stretch elementor-widget elementor-widget-form\" data-id=\"f1cfe5b\" data-element_type=\"widget\" data-e-type=\"widget\" data-settings=\"{&quot;step_next_label&quot;:&quot;Pr\\u00f3ximo&quot;,&quot;step_previous_label&quot;:&quot;Anterior&quot;,&quot;button_width&quot;:&quot;20&quot;,&quot;step_type&quot;:&quot;number_text&quot;,&quot;step_icon_shape&quot;:&quot;circle&quot;}\" data-widget_type=\"form.default\">\n\t\t\t\t<div class=\"elementor-widget-container\">\n\t\t\t\t\t\t\t<form class=\"elementor-form\" method=\"post\" name=\"Web Design\" aria-label=\"Web Design\">\n\t\t\t<input type=\"hidden\" name=\"post_id\" value=\"268\"\/>\n\t\t\t<input type=\"hidden\" name=\"form_id\" value=\"f1cfe5b\"\/>\n\t\t\t<input type=\"hidden\" name=\"referer_title\" value=\"Web Design\" \/>\n\n\t\t\t\t\t\t\t<input type=\"hidden\" name=\"queried_id\" value=\"268\"\/>\n\t\t\t\n\t\t\t<div class=\"elementor-form-fields-wrapper elementor-labels-above\">\n\t\t\t\t\t\t\t\t<div class=\"elementor-field-type-text elementor-field-group elementor-column elementor-field-group-name elementor-col-50 elementor-field-required elementor-mark-required\">\n\t\t\t\t\t\t\t\t\t\t\t\t<label for=\"form-field-name\" class=\"elementor-field-label\">\n\t\t\t\t\t\t\t\tPrimeiro nome\t\t\t\t\t\t\t<\/label>\n\t\t\t\t\t\t\t\t\t\t\t\t\t\t<input size=\"1\" type=\"text\" name=\"form_fields[name]\" id=\"form-field-name\" class=\"elementor-field elementor-size-sm  elementor-field-textual\" placeholder=\"O seu primeiro nome\" required=\"required\">\n\t\t\t\t\t\t\t\t\t\t\t<\/div>\n\t\t\t\t\t\t\t\t<div class=\"elementor-field-type-text elementor-field-group elementor-column elementor-field-group-field_1f46e0a elementor-col-50 elementor-field-required elementor-mark-required\">\n\t\t\t\t\t\t\t\t\t\t\t\t<label for=\"form-field-field_1f46e0a\" class=\"elementor-field-label\">\n\t\t\t\t\t\t\t\t\u00daltimo nome\t\t\t\t\t\t\t<\/label>\n\t\t\t\t\t\t\t\t\t\t\t\t\t\t<input size=\"1\" type=\"text\" name=\"form_fields[field_1f46e0a]\" id=\"form-field-field_1f46e0a\" class=\"elementor-field elementor-size-sm  elementor-field-textual\" placeholder=\"O seu \u00faltimo nome\" required=\"required\">\n\t\t\t\t\t\t\t\t\t\t\t<\/div>\n\t\t\t\t\t\t\t\t<div class=\"elementor-field-type-email elementor-field-group elementor-column elementor-field-group-email elementor-col-50 elementor-field-required elementor-mark-required\">\n\t\t\t\t\t\t\t\t\t\t\t\t<label for=\"form-field-email\" class=\"elementor-field-label\">\n\t\t\t\t\t\t\t\tEmail\t\t\t\t\t\t\t<\/label>\n\t\t\t\t\t\t\t\t\t\t\t\t\t\t<input size=\"1\" type=\"email\" name=\"form_fields[email]\" id=\"form-field-email\" class=\"elementor-field elementor-size-sm  elementor-field-textual\" placeholder=\"O seu email\" required=\"required\">\n\t\t\t\t\t\t\t\t\t\t\t<\/div>\n\t\t\t\t\t\t\t\t<div class=\"elementor-field-type-tel elementor-field-group elementor-column elementor-field-group-field_b09651f elementor-col-50 elementor-field-required elementor-mark-required\">\n\t\t\t\t\t\t\t\t\t\t\t\t<label for=\"form-field-field_b09651f\" class=\"elementor-field-label\">\n\t\t\t\t\t\t\t\tTelem\u00f3vel\t\t\t\t\t\t\t<\/label>\n\t\t\t\t\t\t\t\t<input size=\"1\" type=\"tel\" name=\"form_fields[field_b09651f]\" id=\"form-field-field_b09651f\" class=\"elementor-field elementor-size-sm  elementor-field-textual\" placeholder=\"O seu n\u00famero de telem\u00f3vel\" required=\"required\" pattern=\"[0-9()#&amp;+*-=.]+\" title=\"Only numbers and phone characters (#, -, *, etc) are accepted.\">\n\n\t\t\t\t\t\t<\/div>\n\t\t\t\t\t\t\t\t<div class=\"elementor-field-type-text elementor-field-group elementor-column elementor-field-group-field_5525054 elementor-col-100 elementor-field-required elementor-mark-required\">\n\t\t\t\t\t\t\t\t\t\t\t\t<label for=\"form-field-field_5525054\" class=\"elementor-field-label\">\n\t\t\t\t\t\t\t\tEmpresa\t\t\t\t\t\t\t<\/label>\n\t\t\t\t\t\t\t\t\t\t\t\t\t\t<input size=\"1\" type=\"text\" name=\"form_fields[field_5525054]\" id=\"form-field-field_5525054\" class=\"elementor-field elementor-size-sm  elementor-field-textual\" placeholder=\"O nome da empresa\" required=\"required\">\n\t\t\t\t\t\t\t\t\t\t\t<\/div>\n\t\t\t\t\t\t\t\t<div class=\"elementor-field-type-textarea elementor-field-group elementor-column elementor-field-group-field_e0ba00b elementor-col-100 elementor-field-required elementor-mark-required\">\n\t\t\t\t\t\t\t\t\t\t\t\t<label for=\"form-field-field_e0ba00b\" class=\"elementor-field-label\">\n\t\t\t\t\t\t\t\tConte-nos mais sobre si.\t\t\t\t\t\t\t<\/label>\n\t\t\t\t\t\t<textarea class=\"elementor-field-textual elementor-field  elementor-size-sm\" name=\"form_fields[field_e0ba00b]\" id=\"form-field-field_e0ba00b\" rows=\"3\" placeholder=\"Escreva aqui.\" required=\"required\"><\/textarea>\t\t\t\t<\/div>\n\t\t\t\t\t\t\t\t<div class=\"elementor-field-type-recaptcha_v3 elementor-field-group elementor-column elementor-field-group-field_7c8dbab elementor-col-100 recaptcha_v3-inline\">\n\t\t\t\t\t<div class=\"elementor-field\" id=\"form-field-field_7c8dbab\"><div class=\"elementor-g-recaptcha\" data-sitekey=\"6Leni5UrAAAAAM_PboW5r_NEcPynLHEiF_i5DrrH\" data-type=\"v3\" data-action=\"Form\" data-badge=\"inline\" data-size=\"invisible\"><\/div><\/div>\t\t\t\t<\/div>\n\t\t\t\t\t\t\t\t<div class=\"elementor-field-group elementor-column elementor-field-type-submit elementor-col-20 e-form__buttons\">\n\t\t\t\t\t<button class=\"elementor-button elementor-size-sm\" type=\"submit\" id=\"webdesignsubmit\">\n\t\t\t\t\t\t<span class=\"elementor-button-content-wrapper\">\n\t\t\t\t\t\t\t\t\t\t\t\t\t\t\t\t\t\t\t\t\t\t<span class=\"elementor-button-text\">Enviar<\/span>\n\t\t\t\t\t\t\t\t\t\t\t\t\t<\/span>\n\t\t\t\t\t<\/button>\n\t\t\t\t<\/div>\n\t\t\t<\/div>\n\t\t<\/form>\n\t\t\t\t\t\t<\/div>\n\t\t\t\t<\/div>\n\t\t\t\t\t<\/div>\n\t\t\t\t<\/div>\n\t\t\t\t<\/div>\n\t\t","protected":false},"excerpt":{"rendered":"<p>Servi\u00e7os Web Design Na MURI, o nosso foco vai al\u00e9m da est\u00e9tica. Desenvolvemos sites e lojas online que maximizam vendas e geram resultados. Aqui, criamos experi\u00eancias digitais como verdadeiros mestres samurais. Sabemos que a primeira impress\u00e3o no mundo online pode determinar o sucesso do teu neg\u00f3cio. Portanto, um site bem projetado n\u00e3o \u00e9 apenas importante [&hellip;]<\/p>\n","protected":false},"author":1,"featured_media":0,"parent":0,"menu_order":0,"comment_status":"closed","ping_status":"closed","template":"","meta":{"footnotes":""},"class_list":["post-268","page","type-page","status-publish","hentry"],"_links":{"self":[{"href":"https:\/\/thisismuri.com\/en\/wp-json\/wp\/v2\/pages\/268","targetHints":{"allow":["GET"]}}],"collection":[{"href":"https:\/\/thisismuri.com\/en\/wp-json\/wp\/v2\/pages"}],"about":[{"href":"https:\/\/thisismuri.com\/en\/wp-json\/wp\/v2\/types\/page"}],"author":[{"embeddable":true,"href":"https:\/\/thisismuri.com\/en\/wp-json\/wp\/v2\/users\/1"}],"replies":[{"embeddable":true,"href":"https:\/\/thisismuri.com\/en\/wp-json\/wp\/v2\/comments?post=268"}],"version-history":[{"count":83,"href":"https:\/\/thisismuri.com\/en\/wp-json\/wp\/v2\/pages\/268\/revisions"}],"predecessor-version":[{"id":1922,"href":"https:\/\/thisismuri.com\/en\/wp-json\/wp\/v2\/pages\/268\/revisions\/1922"}],"wp:attachment":[{"href":"https:\/\/thisismuri.com\/en\/wp-json\/wp\/v2\/media?parent=268"}],"curies":[{"name":"wp","href":"https:\/\/api.w.org\/{rel}","templated":true}]}}