{"id":270,"date":"2025-06-13T14:36:44","date_gmt":"2025-06-13T14:36:44","guid":{"rendered":"https:\/\/thisismuri.com\/?page_id=270"},"modified":"2026-03-17T15:46:24","modified_gmt":"2026-03-17T15:46:24","slug":"graphic-design","status":"publish","type":"page","link":"https:\/\/thisismuri.com\/en\/graphic-design\/","title":{"rendered":"Graphic Design"},"content":{"rendered":"\t\t<div data-elementor-type=\"wp-page\" data-elementor-id=\"270\" class=\"elementor elementor-270\" data-elementor-post-type=\"page\">\n\t\t\t\t<div class=\"elementor-element elementor-element-0926ea4 e-flex e-con-boxed e-con e-parent\" data-id=\"0926ea4\" data-element_type=\"container\" data-e-type=\"container\" data-settings=\"{&quot;background_background&quot;:&quot;classic&quot;}\">\n\t\t\t\t\t<div class=\"e-con-inner\">\n\t\t\t\t\t<\/div>\n\t\t\t\t<\/div>\n\t\t<div class=\"elementor-element elementor-element-917955e e-flex e-con-boxed e-con e-parent\" data-id=\"917955e\" data-element_type=\"container\" data-e-type=\"container\">\n\t\t\t\t\t<div class=\"e-con-inner\">\n\t\t<div class=\"elementor-element elementor-element-de4e328 e-con-full e-flex e-con e-child\" data-id=\"de4e328\" data-element_type=\"container\" data-e-type=\"container\">\n\t\t\t\t<div class=\"elementor-element elementor-element-e8ee774 elementor-widget elementor-widget-text-editor\" data-id=\"e8ee774\" data-element_type=\"widget\" data-e-type=\"widget\" data-widget_type=\"text-editor.default\">\n\t\t\t\t<div class=\"elementor-widget-container\">\n\t\t\t\t\t\t\t\t\t<p>Servi\u00e7os<\/p>\t\t\t\t\t\t\t\t<\/div>\n\t\t\t\t<\/div>\n\t\t\t\t<div class=\"elementor-element elementor-element-8f1f937 elementor-widget elementor-widget-heading\" data-id=\"8f1f937\" data-element_type=\"widget\" data-e-type=\"widget\" data-widget_type=\"heading.default\">\n\t\t\t\t<div class=\"elementor-widget-container\">\n\t\t\t\t\t<h1 class=\"elementor-heading-title elementor-size-default\">Graphic Design<\/h1>\t\t\t\t<\/div>\n\t\t\t\t<\/div>\n\t\t\t\t<div class=\"elementor-element elementor-element-74f7662 elementor-widget elementor-widget-text-editor\" data-id=\"74f7662\" data-element_type=\"widget\" data-e-type=\"widget\" data-widget_type=\"text-editor.default\">\n\t\t\t\t<div class=\"elementor-widget-container\">\n\t\t\t\t\t\t\t\t\t<article class=\"text-token-text-primary w-full\" dir=\"auto\" data-testid=\"conversation-turn-2\" data-scroll-anchor=\"true\"><div class=\"text-base my-auto mx-auto py-5 [--thread-content-margin:--spacing(4)] @[37rem]:[--thread-content-margin:--spacing(6)] @[72rem]:[--thread-content-margin:--spacing(16)] px-(--thread-content-margin)\"><div class=\"[--thread-content-max-width:32rem] @[34rem]:[--thread-content-max-width:40rem] @[64rem]:[--thread-content-max-width:48rem] mx-auto flex max-w-(--thread-content-max-width) flex-1 text-base gap-4 md:gap-5 lg:gap-6 group\/turn-messages focus-visible:outline-hidden\" tabindex=\"-1\"><div class=\"group\/conversation-turn relative flex w-full min-w-0 flex-col agent-turn\"><div class=\"relative flex-col gap-1 md:gap-3\"><div class=\"flex max-w-full flex-col grow\"><div class=\"min-h-8 text-message relative flex w-full flex-col items-end gap-2 text-start break-words whitespace-normal [.text-message+&amp;]:mt-5\" dir=\"auto\" data-message-author-role=\"assistant\" data-message-id=\"ff0605bf-dd9e-4740-b75f-d373f94f5058\" data-message-model-slug=\"gpt-4o\"><div class=\"flex w-full flex-col gap-1 empty:hidden first:pt-[3px]\"><div class=\"markdown prose dark:prose-invert w-full break-words light\"><p data-start=\"0\" data-end=\"397\" data-is-last-node=\"\" data-is-only-node=\"\">Um bom design gr\u00e1fico \u00e9 como um golpe certeiro de espada. Tem de causar impacto e conquistar \u00e0 primeira vista.<\/p><p data-start=\"0\" data-end=\"397\" data-is-last-node=\"\" data-is-only-node=\"\">Na MURI, combinamos criatividade e precis\u00e3o para transformar ideias em arte visual que se destaca. Desde o design editorial ao design para impress\u00e3o, criamos elementos que impressionam e refor\u00e7am a presen\u00e7a da tua marca.<\/p><p data-start=\"0\" data-end=\"397\" data-is-last-node=\"\" data-is-only-node=\"\">Pronto para transformar a imagem da tua marca? Fala connosco!<\/p><\/div><\/div><\/div><\/div><\/div><\/div><\/div><\/div><\/article>\t\t\t\t\t\t\t\t<\/div>\n\t\t\t\t<\/div>\n\t\t\t\t<\/div>\n\t\t<div class=\"elementor-element elementor-element-4cc0376 e-con-full e-flex e-con e-child\" data-id=\"4cc0376\" data-element_type=\"container\" data-e-type=\"container\">\n\t\t\t\t<\/div>\n\t\t\t\t\t<\/div>\n\t\t\t\t<\/div>\n\t\t<div class=\"elementor-element elementor-element-ae13be3 e-flex e-con-boxed e-con e-parent\" data-id=\"ae13be3\" data-element_type=\"container\" data-e-type=\"container\">\n\t\t\t\t\t<div class=\"e-con-inner\">\n\t\t<div class=\"elementor-element elementor-element-898d0bb e-con-full e-flex e-con e-child\" data-id=\"898d0bb\" data-element_type=\"container\" data-e-type=\"container\">\n\t\t\t\t<div class=\"elementor-element elementor-element-8a55535 elementor-position-left elementor-vertical-align-top elementor-widget elementor-widget-image-box\" data-id=\"8a55535\" data-element_type=\"widget\" data-e-type=\"widget\" data-widget_type=\"image-box.default\">\n\t\t\t\t<div class=\"elementor-widget-container\">\n\t\t\t\t\t<div class=\"elementor-image-box-wrapper\"><figure class=\"elementor-image-box-img\"><img fetchpriority=\"high\" decoding=\"async\" width=\"417\" height=\"417\" src=\"https:\/\/thisismuri.com\/wp-content\/uploads\/2025\/06\/EditorialDesign.webp\" class=\"attachment-full size-full wp-image-530\" alt=\"\" srcset=\"https:\/\/thisismuri.com\/wp-content\/uploads\/2025\/06\/EditorialDesign.webp 417w, https:\/\/thisismuri.com\/wp-content\/uploads\/2025\/06\/EditorialDesign-300x300.webp 300w, https:\/\/thisismuri.com\/wp-content\/uploads\/2025\/06\/EditorialDesign-150x150.webp 150w\" sizes=\"(max-width: 417px) 100vw, 417px\" \/><\/figure><div class=\"elementor-image-box-content\"><h2 class=\"elementor-image-box-title\">Editorial Design<\/h2><p class=\"elementor-image-box-description\">No design editorial, cada detalhe \u00e9 calculado como o golpe de um samurai. Quer se trate de um projeto com uma narrativa criativa ou de um conte\u00fado mais t\u00e9cnico e informativo, o nosso objetivo \u00e9 garantir que a tua mensagem \u00e9 clara e que o leitor tem uma experi\u00eancia envolvente e de alta qualidade.\n<p><p>\nO resultado? Leituras memor\u00e1veis... e impacto real!\n<p>\nPreparado para posts que envolvem? Vamos criar juntos!<\/p><\/div><\/div>\t\t\t\t<\/div>\n\t\t\t\t<\/div>\n\t\t\t\t<\/div>\n\t\t<div class=\"elementor-element elementor-element-eb4907d e-con-full e-flex e-con e-child\" data-id=\"eb4907d\" data-element_type=\"container\" data-e-type=\"container\">\n\t\t\t\t<div class=\"elementor-element elementor-element-2c39e09 elementor-position-left elementor-vertical-align-top elementor-widget elementor-widget-image-box\" data-id=\"2c39e09\" data-element_type=\"widget\" data-e-type=\"widget\" data-widget_type=\"image-box.default\">\n\t\t\t\t<div class=\"elementor-widget-container\">\n\t\t\t\t\t<div class=\"elementor-image-box-wrapper\"><figure class=\"elementor-image-box-img\"><img decoding=\"async\" width=\"417\" height=\"417\" src=\"https:\/\/thisismuri.com\/wp-content\/uploads\/2025\/06\/PrintDesign.webp\" class=\"attachment-full size-full wp-image-531\" alt=\"\" srcset=\"https:\/\/thisismuri.com\/wp-content\/uploads\/2025\/06\/PrintDesign.webp 417w, https:\/\/thisismuri.com\/wp-content\/uploads\/2025\/06\/PrintDesign-300x300.webp 300w, https:\/\/thisismuri.com\/wp-content\/uploads\/2025\/06\/PrintDesign-150x150.webp 150w\" sizes=\"(max-width: 417px) 100vw, 417px\" \/><\/figure><div class=\"elementor-image-box-content\"><h2 class=\"elementor-image-box-title\">Print Design<\/h2><p class=\"elementor-image-box-description\">Transformamos designs gr\u00e1ficos de embalagens e merchandising em verdadeiras extens\u00f5es da tua marca. Criamos designs que envolvem e refletem a ess\u00eancia do teu produto. Porque as embalagens impactantes e o merchandising cativante s\u00e3o armas poderosas para conquistar a aten\u00e7\u00e3o e a lealdade do teu p\u00fablico.\n<p><p>\nPronto para fazer a tua marca destacar-se? Junta-te a n\u00f3s!<\/p><\/div><\/div>\t\t\t\t<\/div>\n\t\t\t\t<\/div>\n\t\t\t\t<\/div>\n\t\t\t\t\t<\/div>\n\t\t\t\t<\/div>\n\t\t<div class=\"elementor-element elementor-element-23a9ed2 e-flex e-con-boxed e-con e-parent\" data-id=\"23a9ed2\" data-element_type=\"container\" data-e-type=\"container\">\n\t\t\t\t\t<div class=\"e-con-inner\">\n\t\t<div class=\"elementor-element elementor-element-9feaaa4 e-con-full e-flex e-con e-child\" data-id=\"9feaaa4\" data-element_type=\"container\" data-e-type=\"container\">\n\t\t\t\t<div class=\"elementor-element elementor-element-0fff596 elementor-position-left elementor-vertical-align-top elementor-widget elementor-widget-image-box\" data-id=\"0fff596\" data-element_type=\"widget\" data-e-type=\"widget\" data-widget_type=\"image-box.default\">\n\t\t\t\t<div class=\"elementor-widget-container\">\n\t\t\t\t\t<div class=\"elementor-image-box-wrapper\"><figure class=\"elementor-image-box-img\"><img decoding=\"async\" width=\"417\" height=\"417\" src=\"https:\/\/thisismuri.com\/wp-content\/uploads\/2025\/06\/Ilustracao.webp\" class=\"attachment-full size-full wp-image-532\" alt=\"\" srcset=\"https:\/\/thisismuri.com\/wp-content\/uploads\/2025\/06\/Ilustracao.webp 417w, https:\/\/thisismuri.com\/wp-content\/uploads\/2025\/06\/Ilustracao-300x300.webp 300w, https:\/\/thisismuri.com\/wp-content\/uploads\/2025\/06\/Ilustracao-150x150.webp 150w\" sizes=\"(max-width: 417px) 100vw, 417px\" \/><\/figure><div class=\"elementor-image-box-content\"><h2 class=\"elementor-image-box-title\">Ilustra\u00e7\u00e3o<\/h2><p class=\"elementor-image-box-description\">Na MURI, a ilustra\u00e7\u00e3o \u00e9 o nosso ponto forte art\u00edstico. Criamos ilustra\u00e7\u00f5es personalizadas que n\u00e3o s\u00f3 destacam a tua marca, como tamb\u00e9m criam uma liga\u00e7\u00e3o emocional com o teu p\u00fablico. Seja para redes sociais, websites, packaging ou campanhas, garantimos que cada ilustra\u00e7\u00e3o est\u00e1 alinhada com o prop\u00f3sito do teu neg\u00f3cio.\n<p><p>\nPronto para dar vida \u00e0 tua vis\u00e3o?<\/p><\/div><\/div>\t\t\t\t<\/div>\n\t\t\t\t<\/div>\n\t\t\t\t<\/div>\n\t\t<div class=\"elementor-element elementor-element-4f7c5fb e-con-full e-flex e-con e-child\" data-id=\"4f7c5fb\" data-element_type=\"container\" data-e-type=\"container\">\n\t\t\t\t<div class=\"elementor-element elementor-element-caf02b1 elementor-position-left elementor-vertical-align-top elementor-widget elementor-widget-image-box\" data-id=\"caf02b1\" data-element_type=\"widget\" data-e-type=\"widget\" data-widget_type=\"image-box.default\">\n\t\t\t\t<div class=\"elementor-widget-container\">\n\t\t\t\t\t<div class=\"elementor-image-box-wrapper\"><figure class=\"elementor-image-box-img\"><img loading=\"lazy\" decoding=\"async\" width=\"417\" height=\"417\" src=\"https:\/\/thisismuri.com\/wp-content\/uploads\/2025\/06\/DigitalDesign.webp\" class=\"attachment-full size-full wp-image-533\" alt=\"\" srcset=\"https:\/\/thisismuri.com\/wp-content\/uploads\/2025\/06\/DigitalDesign.webp 417w, https:\/\/thisismuri.com\/wp-content\/uploads\/2025\/06\/DigitalDesign-300x300.webp 300w, https:\/\/thisismuri.com\/wp-content\/uploads\/2025\/06\/DigitalDesign-150x150.webp 150w\" sizes=\"(max-width: 417px) 100vw, 417px\" \/><\/figure><div class=\"elementor-image-box-content\"><h2 class=\"elementor-image-box-title\">Digital Design<\/h2><p class=\"elementor-image-box-description\">Criamos designs digitais que n\u00e3o s\u00f3 captam a aten\u00e7\u00e3o, como tamb\u00e9m contam a hist\u00f3ria \u00fanica da tua marca. Desde interfaces de utilizador intuitivas a elementos gr\u00e1ficos envolventes para redes sociais, cada elemento \u00e9 meticulosamente concebido para criar uma liga\u00e7\u00e3o profunda com o teu p\u00fablico. Porque no mundo digital, a primeira impress\u00e3o \u00e9 fundamental.\n<p><p>\nPronto para impulsionar a tua marca no mundo digital? Junta-te a n\u00f3s!<\/p><\/div><\/div>\t\t\t\t<\/div>\n\t\t\t\t<\/div>\n\t\t\t\t<\/div>\n\t\t\t\t\t<\/div>\n\t\t\t\t<\/div>\n\t\t<div class=\"elementor-element elementor-element-ec8ea8d e-flex e-con-boxed e-con e-parent\" data-id=\"ec8ea8d\" data-element_type=\"container\" data-e-type=\"container\">\n\t\t\t\t\t<div class=\"e-con-inner\">\n\t\t<div class=\"elementor-element elementor-element-4555a9c e-con-full e-flex e-con e-child\" data-id=\"4555a9c\" data-element_type=\"container\" data-e-type=\"container\">\n\t\t\t\t<div class=\"elementor-element elementor-element-57bf49f elementor-widget elementor-widget-image\" data-id=\"57bf49f\" data-element_type=\"widget\" data-e-type=\"widget\" data-widget_type=\"image.default\">\n\t\t\t\t<div class=\"elementor-widget-container\">\n\t\t\t\t\t\t\t\t\t\t\t\t\t\t\t<img loading=\"lazy\" decoding=\"async\" width=\"800\" height=\"452\" src=\"https:\/\/thisismuri.com\/wp-content\/uploads\/2025\/06\/Booklet-Purgo-1024x579.webp\" class=\"attachment-large size-large wp-image-483\" alt=\"\" srcset=\"https:\/\/thisismuri.com\/wp-content\/uploads\/2025\/06\/Booklet-Purgo-1024x579.webp 1024w, https:\/\/thisismuri.com\/wp-content\/uploads\/2025\/06\/Booklet-Purgo-300x170.webp 300w, https:\/\/thisismuri.com\/wp-content\/uploads\/2025\/06\/Booklet-Purgo-768x434.webp 768w, https:\/\/thisismuri.com\/wp-content\/uploads\/2025\/06\/Booklet-Purgo-1536x868.webp 1536w, https:\/\/thisismuri.com\/wp-content\/uploads\/2025\/06\/Booklet-Purgo.webp 1603w\" sizes=\"(max-width: 800px) 100vw, 800px\" \/>\t\t\t\t\t\t\t\t\t\t\t\t\t\t\t<\/div>\n\t\t\t\t<\/div>\n\t\t\t\t<\/div>\n\t\t<div class=\"elementor-element elementor-element-add0d57 e-con-full e-flex e-con e-child\" data-id=\"add0d57\" data-element_type=\"container\" data-e-type=\"container\">\n\t\t\t\t<div class=\"elementor-element elementor-element-b975226 elementor-widget elementor-widget-image\" data-id=\"b975226\" data-element_type=\"widget\" data-e-type=\"widget\" data-widget_type=\"image.default\">\n\t\t\t\t<div class=\"elementor-widget-container\">\n\t\t\t\t\t\t\t\t\t\t\t\t\t\t\t<img loading=\"lazy\" decoding=\"async\" width=\"800\" height=\"451\" src=\"https:\/\/thisismuri.com\/wp-content\/uploads\/2025\/06\/a-Oficina-1024x577.webp\" class=\"attachment-large size-large wp-image-476\" alt=\"\" srcset=\"https:\/\/thisismuri.com\/wp-content\/uploads\/2025\/06\/a-Oficina-1024x577.webp 1024w, https:\/\/thisismuri.com\/wp-content\/uploads\/2025\/06\/a-Oficina-300x169.webp 300w, https:\/\/thisismuri.com\/wp-content\/uploads\/2025\/06\/a-Oficina-768x433.webp 768w, https:\/\/thisismuri.com\/wp-content\/uploads\/2025\/06\/a-Oficina-1536x866.webp 1536w, https:\/\/thisismuri.com\/wp-content\/uploads\/2025\/06\/a-Oficina.webp 1603w\" sizes=\"(max-width: 800px) 100vw, 800px\" \/>\t\t\t\t\t\t\t\t\t\t\t\t\t\t\t<\/div>\n\t\t\t\t<\/div>\n\t\t\t\t<\/div>\n\t\t\t\t\t<\/div>\n\t\t\t\t<\/div>\n\t\t<div class=\"elementor-element elementor-element-270aea9 e-flex e-con-boxed e-con e-parent\" data-id=\"270aea9\" data-element_type=\"container\" data-e-type=\"container\">\n\t\t\t\t\t<div class=\"e-con-inner\">\n\t\t<div class=\"elementor-element elementor-element-4249cde e-con-full e-flex e-con e-child\" data-id=\"4249cde\" data-element_type=\"container\" data-e-type=\"container\">\n\t\t\t\t<div class=\"elementor-element elementor-element-3ee9690 elementor-widget elementor-widget-image\" data-id=\"3ee9690\" data-element_type=\"widget\" data-e-type=\"widget\" data-widget_type=\"image.default\">\n\t\t\t\t<div class=\"elementor-widget-container\">\n\t\t\t\t\t\t\t\t\t\t\t\t\t\t\t<img loading=\"lazy\" decoding=\"async\" width=\"800\" height=\"451\" src=\"https:\/\/thisismuri.com\/wp-content\/uploads\/2025\/06\/Ilustracao-Seat-Ibiza-1024x577.webp\" class=\"attachment-large size-large wp-image-477\" alt=\"\" srcset=\"https:\/\/thisismuri.com\/wp-content\/uploads\/2025\/06\/Ilustracao-Seat-Ibiza-1024x577.webp 1024w, https:\/\/thisismuri.com\/wp-content\/uploads\/2025\/06\/Ilustracao-Seat-Ibiza-300x169.webp 300w, https:\/\/thisismuri.com\/wp-content\/uploads\/2025\/06\/Ilustracao-Seat-Ibiza-768x433.webp 768w, https:\/\/thisismuri.com\/wp-content\/uploads\/2025\/06\/Ilustracao-Seat-Ibiza-1536x866.webp 1536w, https:\/\/thisismuri.com\/wp-content\/uploads\/2025\/06\/Ilustracao-Seat-Ibiza.webp 1603w\" sizes=\"(max-width: 800px) 100vw, 800px\" \/>\t\t\t\t\t\t\t\t\t\t\t\t\t\t\t<\/div>\n\t\t\t\t<\/div>\n\t\t\t\t<\/div>\n\t\t<div class=\"elementor-element elementor-element-f869910 e-con-full e-flex e-con e-child\" data-id=\"f869910\" data-element_type=\"container\" data-e-type=\"container\">\n\t\t\t\t<div class=\"elementor-element elementor-element-5c98533 elementor-widget elementor-widget-image\" data-id=\"5c98533\" data-element_type=\"widget\" data-e-type=\"widget\" data-widget_type=\"image.default\">\n\t\t\t\t<div class=\"elementor-widget-container\">\n\t\t\t\t\t\t\t\t\t\t\t\t\t\t\t<img loading=\"lazy\" decoding=\"async\" width=\"800\" height=\"451\" src=\"https:\/\/thisismuri.com\/wp-content\/uploads\/2025\/06\/Purgo_LCDV2.webp\" class=\"attachment-large size-large wp-image-478\" alt=\"\" srcset=\"https:\/\/thisismuri.com\/wp-content\/uploads\/2025\/06\/Purgo_LCDV2.webp 802w, https:\/\/thisismuri.com\/wp-content\/uploads\/2025\/06\/Purgo_LCDV2-300x169.webp 300w, https:\/\/thisismuri.com\/wp-content\/uploads\/2025\/06\/Purgo_LCDV2-768x433.webp 768w\" sizes=\"(max-width: 800px) 100vw, 800px\" \/>\t\t\t\t\t\t\t\t\t\t\t\t\t\t\t<\/div>\n\t\t\t\t<\/div>\n\t\t\t\t<\/div>\n\t\t\t\t\t<\/div>\n\t\t\t\t<\/div>\n\t\t<div class=\"elementor-element elementor-element-85c9eda e-flex e-con-boxed e-con e-parent\" data-id=\"85c9eda\" data-element_type=\"container\" data-e-type=\"container\">\n\t\t\t\t\t<div class=\"e-con-inner\">\n\t\t\t\t<div class=\"elementor-element elementor-element-21f5b55 elementor-widget elementor-widget-heading\" data-id=\"21f5b55\" data-element_type=\"widget\" data-e-type=\"widget\" data-widget_type=\"heading.default\">\n\t\t\t\t<div class=\"elementor-widget-container\">\n\t\t\t\t\t<h2 class=\"elementor-heading-title elementor-size-default\">Vamos criar algo \u00fanico.\n<\/h2>\t\t\t\t<\/div>\n\t\t\t\t<\/div>\n\t\t\t\t<div class=\"elementor-element elementor-element-674d8d8 elementor-widget elementor-widget-heading\" data-id=\"674d8d8\" data-element_type=\"widget\" data-e-type=\"widget\" data-widget_type=\"heading.default\">\n\t\t\t\t<div class=\"elementor-widget-container\">\n\t\t\t\t\t<h2 class=\"elementor-heading-title elementor-size-default\">Estamos ansiosos para ouvir a tua hist\u00f3ria!<\/h2>\t\t\t\t<\/div>\n\t\t\t\t<\/div>\n\t\t\t\t<div class=\"elementor-element elementor-element-3da858f elementor-widget elementor-widget-text-editor\" data-id=\"3da858f\" data-element_type=\"widget\" data-e-type=\"widget\" data-widget_type=\"text-editor.default\">\n\t\t\t\t<div class=\"elementor-widget-container\">\n\t\t\t\t\t\t\t\t\t<p>Come\u00e7a o teu projeto hoje.<\/p>\t\t\t\t\t\t\t\t<\/div>\n\t\t\t\t<\/div>\n\t\t\t\t\t<\/div>\n\t\t\t\t<\/div>\n\t\t<div class=\"elementor-element elementor-element-85530d8 e-flex e-con-boxed e-con e-parent\" data-id=\"85530d8\" data-element_type=\"container\" data-e-type=\"container\">\n\t\t\t\t\t<div class=\"e-con-inner\">\n\t\t\t\t<div class=\"elementor-element elementor-element-fa1d9e0 elementor-button-align-stretch elementor-widget elementor-widget-form\" data-id=\"fa1d9e0\" data-element_type=\"widget\" data-e-type=\"widget\" data-settings=\"{&quot;step_next_label&quot;:&quot;Pr\\u00f3ximo&quot;,&quot;step_previous_label&quot;:&quot;Anterior&quot;,&quot;button_width&quot;:&quot;20&quot;,&quot;step_type&quot;:&quot;number_text&quot;,&quot;step_icon_shape&quot;:&quot;circle&quot;}\" data-widget_type=\"form.default\">\n\t\t\t\t<div class=\"elementor-widget-container\">\n\t\t\t\t\t\t\t<form class=\"elementor-form\" method=\"post\" name=\"Graphic Design\" aria-label=\"Graphic Design\">\n\t\t\t<input type=\"hidden\" name=\"post_id\" value=\"270\"\/>\n\t\t\t<input type=\"hidden\" name=\"form_id\" value=\"fa1d9e0\"\/>\n\t\t\t<input type=\"hidden\" name=\"referer_title\" value=\"Graphic Design\" \/>\n\n\t\t\t\t\t\t\t<input type=\"hidden\" name=\"queried_id\" value=\"270\"\/>\n\t\t\t\n\t\t\t<div class=\"elementor-form-fields-wrapper elementor-labels-above\">\n\t\t\t\t\t\t\t\t<div class=\"elementor-field-type-text elementor-field-group elementor-column elementor-field-group-name elementor-col-50 elementor-field-required elementor-mark-required\">\n\t\t\t\t\t\t\t\t\t\t\t\t<label for=\"form-field-name\" class=\"elementor-field-label\">\n\t\t\t\t\t\t\t\tPrimeiro nome\t\t\t\t\t\t\t<\/label>\n\t\t\t\t\t\t\t\t\t\t\t\t\t\t<input size=\"1\" type=\"text\" name=\"form_fields[name]\" id=\"form-field-name\" class=\"elementor-field elementor-size-sm  elementor-field-textual\" placeholder=\"O teu primeiro nome\" required=\"required\">\n\t\t\t\t\t\t\t\t\t\t\t<\/div>\n\t\t\t\t\t\t\t\t<div class=\"elementor-field-type-text elementor-field-group elementor-column elementor-field-group-field_1f46e0a elementor-col-50 elementor-field-required elementor-mark-required\">\n\t\t\t\t\t\t\t\t\t\t\t\t<label for=\"form-field-field_1f46e0a\" class=\"elementor-field-label\">\n\t\t\t\t\t\t\t\t\u00daltimo nome\t\t\t\t\t\t\t<\/label>\n\t\t\t\t\t\t\t\t\t\t\t\t\t\t<input size=\"1\" type=\"text\" name=\"form_fields[field_1f46e0a]\" id=\"form-field-field_1f46e0a\" class=\"elementor-field elementor-size-sm  elementor-field-textual\" placeholder=\"O teu \u00faltimo nome\" required=\"required\">\n\t\t\t\t\t\t\t\t\t\t\t<\/div>\n\t\t\t\t\t\t\t\t<div class=\"elementor-field-type-email elementor-field-group elementor-column elementor-field-group-email elementor-col-50 elementor-field-required elementor-mark-required\">\n\t\t\t\t\t\t\t\t\t\t\t\t<label for=\"form-field-email\" class=\"elementor-field-label\">\n\t\t\t\t\t\t\t\tEmail\t\t\t\t\t\t\t<\/label>\n\t\t\t\t\t\t\t\t\t\t\t\t\t\t<input size=\"1\" type=\"email\" name=\"form_fields[email]\" id=\"form-field-email\" class=\"elementor-field elementor-size-sm  elementor-field-textual\" placeholder=\"O teu email\" required=\"required\">\n\t\t\t\t\t\t\t\t\t\t\t<\/div>\n\t\t\t\t\t\t\t\t<div class=\"elementor-field-type-text elementor-field-group elementor-column elementor-field-group-field_5525054 elementor-col-50 elementor-field-required elementor-mark-required\">\n\t\t\t\t\t\t\t\t\t\t\t\t<label for=\"form-field-field_5525054\" class=\"elementor-field-label\">\n\t\t\t\t\t\t\t\tEmpresa\t\t\t\t\t\t\t<\/label>\n\t\t\t\t\t\t\t\t\t\t\t\t\t\t<input size=\"1\" type=\"text\" name=\"form_fields[field_5525054]\" id=\"form-field-field_5525054\" class=\"elementor-field elementor-size-sm  elementor-field-textual\" placeholder=\"O nome da empresa\" required=\"required\">\n\t\t\t\t\t\t\t\t\t\t\t<\/div>\n\t\t\t\t\t\t\t\t<div class=\"elementor-field-type-textarea elementor-field-group elementor-column elementor-field-group-field_e0ba00b elementor-col-100 elementor-field-required elementor-mark-required\">\n\t\t\t\t\t\t\t\t\t\t\t\t<label for=\"form-field-field_e0ba00b\" class=\"elementor-field-label\">\n\t\t\t\t\t\t\t\tConta-nos mais sobre ti.\t\t\t\t\t\t\t<\/label>\n\t\t\t\t\t\t<textarea class=\"elementor-field-textual elementor-field  elementor-size-sm\" name=\"form_fields[field_e0ba00b]\" id=\"form-field-field_e0ba00b\" rows=\"3\" placeholder=\"Escreve aqui.\" required=\"required\"><\/textarea>\t\t\t\t<\/div>\n\t\t\t\t\t\t\t\t<div class=\"elementor-field-type-recaptcha_v3 elementor-field-group elementor-column elementor-field-group-field_e318426 elementor-col-100 recaptcha_v3-inline\">\n\t\t\t\t\t<div class=\"elementor-field\" id=\"form-field-field_e318426\"><div class=\"elementor-g-recaptcha\" data-sitekey=\"6Leni5UrAAAAAM_PboW5r_NEcPynLHEiF_i5DrrH\" data-type=\"v3\" data-action=\"Form\" data-badge=\"inline\" data-size=\"invisible\"><\/div><\/div>\t\t\t\t<\/div>\n\t\t\t\t\t\t\t\t<div class=\"elementor-field-group elementor-column elementor-field-type-submit elementor-col-20 e-form__buttons\">\n\t\t\t\t\t<button class=\"elementor-button elementor-size-sm\" type=\"submit\" id=\"graphicdesignbutton\">\n\t\t\t\t\t\t<span class=\"elementor-button-content-wrapper\">\n\t\t\t\t\t\t\t\t\t\t\t\t\t\t\t\t\t\t\t\t\t\t<span class=\"elementor-button-text\">Enviar<\/span>\n\t\t\t\t\t\t\t\t\t\t\t\t\t<\/span>\n\t\t\t\t\t<\/button>\n\t\t\t\t<\/div>\n\t\t\t<\/div>\n\t\t<\/form>\n\t\t\t\t\t\t<\/div>\n\t\t\t\t<\/div>\n\t\t\t\t\t<\/div>\n\t\t\t\t<\/div>\n\t\t\t\t<\/div>\n\t\t","protected":false},"excerpt":{"rendered":"<p>Servi\u00e7os Graphic Design Um bom design gr\u00e1fico \u00e9 como um golpe certeiro de espada. Tem de causar impacto e conquistar \u00e0 primeira vista. Na MURI, combinamos criatividade e precis\u00e3o para transformar ideias em arte visual que se destaca. Desde o design editorial ao design para impress\u00e3o, criamos elementos que impressionam e refor\u00e7am a presen\u00e7a da [&hellip;]<\/p>\n","protected":false},"author":1,"featured_media":0,"parent":0,"menu_order":0,"comment_status":"closed","ping_status":"closed","template":"","meta":{"footnotes":""},"class_list":["post-270","page","type-page","status-publish","hentry"],"_links":{"self":[{"href":"https:\/\/thisismuri.com\/en\/wp-json\/wp\/v2\/pages\/270","targetHints":{"allow":["GET"]}}],"collection":[{"href":"https:\/\/thisismuri.com\/en\/wp-json\/wp\/v2\/pages"}],"about":[{"href":"https:\/\/thisismuri.com\/en\/wp-json\/wp\/v2\/types\/page"}],"author":[{"embeddable":true,"href":"https:\/\/thisismuri.com\/en\/wp-json\/wp\/v2\/users\/1"}],"replies":[{"embeddable":true,"href":"https:\/\/thisismuri.com\/en\/wp-json\/wp\/v2\/comments?post=270"}],"version-history":[{"count":91,"href":"https:\/\/thisismuri.com\/en\/wp-json\/wp\/v2\/pages\/270\/revisions"}],"predecessor-version":[{"id":1891,"href":"https:\/\/thisismuri.com\/en\/wp-json\/wp\/v2\/pages\/270\/revisions\/1891"}],"wp:attachment":[{"href":"https:\/\/thisismuri.com\/en\/wp-json\/wp\/v2\/media?parent=270"}],"curies":[{"name":"wp","href":"https:\/\/api.w.org\/{rel}","templated":true}]}}