{"id":272,"date":"2025-06-13T14:37:17","date_gmt":"2025-06-13T14:37:17","guid":{"rendered":"https:\/\/thisismuri.com\/?page_id=272"},"modified":"2026-03-17T15:37:07","modified_gmt":"2026-03-17T15:37:07","slug":"branding","status":"publish","type":"page","link":"https:\/\/thisismuri.com\/en\/branding\/","title":{"rendered":"Branding"},"content":{"rendered":"\t\t<div data-elementor-type=\"wp-page\" data-elementor-id=\"272\" class=\"elementor elementor-272\" data-elementor-post-type=\"page\">\n\t\t\t\t<div class=\"elementor-element elementor-element-c72eb31 e-con-full e-flex e-con e-parent\" data-id=\"c72eb31\" data-element_type=\"container\" data-e-type=\"container\" data-settings=\"{&quot;background_background&quot;:&quot;classic&quot;}\">\n\t\t\t\t<\/div>\n\t\t<div class=\"elementor-element elementor-element-ad41c0e e-flex e-con-boxed e-con e-parent\" data-id=\"ad41c0e\" data-element_type=\"container\" data-e-type=\"container\">\n\t\t\t\t\t<div class=\"e-con-inner\">\n\t\t<div class=\"elementor-element elementor-element-8c762f2 e-con-full e-flex e-con e-child\" data-id=\"8c762f2\" data-element_type=\"container\" data-e-type=\"container\">\n\t\t\t\t<div class=\"elementor-element elementor-element-b01f552 elementor-widget elementor-widget-text-editor\" data-id=\"b01f552\" data-element_type=\"widget\" data-e-type=\"widget\" data-widget_type=\"text-editor.default\">\n\t\t\t\t<div class=\"elementor-widget-container\">\n\t\t\t\t\t\t\t\t\t<p>Servi\u00e7os<\/p>\t\t\t\t\t\t\t\t<\/div>\n\t\t\t\t<\/div>\n\t\t\t\t<div class=\"elementor-element elementor-element-f81fe38 elementor-widget elementor-widget-heading\" data-id=\"f81fe38\" data-element_type=\"widget\" data-e-type=\"widget\" data-widget_type=\"heading.default\">\n\t\t\t\t<div class=\"elementor-widget-container\">\n\t\t\t\t\t<h1 class=\"elementor-heading-title elementor-size-default\">Branding<\/h1>\t\t\t\t<\/div>\n\t\t\t\t<\/div>\n\t\t\t\t<div class=\"elementor-element elementor-element-45c6661 elementor-widget elementor-widget-text-editor\" data-id=\"45c6661\" data-element_type=\"widget\" data-e-type=\"widget\" data-widget_type=\"text-editor.default\">\n\t\t\t\t<div class=\"elementor-widget-container\">\n\t\t\t\t\t\t\t\t\t<p>Uma marca \u00e9 muito mais do que um nome, um log\u00f3tipo ou um slogan. \u00c9 a identidade do teu neg\u00f3cio, o que o torna \u00fanico e o que conecta com o seu p\u00fablico.<\/p><p>Por isso, cri\u00e1mos estrat\u00e9gias de marca, posicionamento e identidade visual que tornam o teu neg\u00f3cio impactante, respeitado e apelativo.<\/p><p>Pronto para conquistar o teu p\u00fablico?<\/p>\t\t\t\t\t\t\t\t<\/div>\n\t\t\t\t<\/div>\n\t\t\t\t<\/div>\n\t\t<div class=\"elementor-element elementor-element-3e517f0 e-con-full e-flex e-con e-child\" data-id=\"3e517f0\" data-element_type=\"container\" data-e-type=\"container\">\n\t\t\t\t<\/div>\n\t\t\t\t\t<\/div>\n\t\t\t\t<\/div>\n\t\t<div class=\"elementor-element elementor-element-1769e55 e-flex e-con-boxed e-con e-parent\" data-id=\"1769e55\" data-element_type=\"container\" data-e-type=\"container\">\n\t\t\t\t\t<div class=\"e-con-inner\">\n\t\t<div class=\"elementor-element elementor-element-0669ad2 e-con-full e-flex e-con e-child\" data-id=\"0669ad2\" data-element_type=\"container\" data-e-type=\"container\">\n\t\t\t\t<div class=\"elementor-element elementor-element-cc4ba58 elementor-position-left elementor-vertical-align-top elementor-widget elementor-widget-image-box\" data-id=\"cc4ba58\" data-element_type=\"widget\" data-e-type=\"widget\" data-widget_type=\"image-box.default\">\n\t\t\t\t<div class=\"elementor-widget-container\">\n\t\t\t\t\t<div class=\"elementor-image-box-wrapper\"><figure class=\"elementor-image-box-img\"><img fetchpriority=\"high\" decoding=\"async\" width=\"417\" height=\"417\" src=\"https:\/\/thisismuri.com\/wp-content\/uploads\/2025\/06\/Estrategia-Marca.webp\" class=\"attachment-full size-full wp-image-540\" alt=\"\" srcset=\"https:\/\/thisismuri.com\/wp-content\/uploads\/2025\/06\/Estrategia-Marca.webp 417w, https:\/\/thisismuri.com\/wp-content\/uploads\/2025\/06\/Estrategia-Marca-300x300.webp 300w, https:\/\/thisismuri.com\/wp-content\/uploads\/2025\/06\/Estrategia-Marca-150x150.webp 150w\" sizes=\"(max-width: 417px) 100vw, 417px\" \/><\/figure><div class=\"elementor-image-box-content\"><h2 class=\"elementor-image-box-title\">Estrat\u00e9gia de Marca<\/h2><p class=\"elementor-image-box-description\">Tal como um samurai precisa de um c\u00f3digo (bushido) para vencer, a tua marca precisa de uma estrat\u00e9gia s\u00f3lida para triunfar no mercado.\n<p>\n<p>\nConta connosco para definir claramente o teu posicionamento no campo de batalha e criar um plano para que a tua marca se destaque e seja lembrada.\n<p>\nVamos criar uma estrat\u00e9gia de marca vencedora?<\/p><\/div><\/div>\t\t\t\t<\/div>\n\t\t\t\t<\/div>\n\t\t\t\t<\/div>\n\t\t<div class=\"elementor-element elementor-element-9209200 e-con-full e-flex e-con e-child\" data-id=\"9209200\" data-element_type=\"container\" data-e-type=\"container\">\n\t\t\t\t<div class=\"elementor-element elementor-element-9042b79 elementor-position-left elementor-vertical-align-top elementor-widget elementor-widget-image-box\" data-id=\"9042b79\" data-element_type=\"widget\" data-e-type=\"widget\" data-widget_type=\"image-box.default\">\n\t\t\t\t<div class=\"elementor-widget-container\">\n\t\t\t\t\t<div class=\"elementor-image-box-wrapper\"><figure class=\"elementor-image-box-img\"><img decoding=\"async\" width=\"417\" height=\"417\" src=\"https:\/\/thisismuri.com\/wp-content\/uploads\/2025\/06\/IdentidadeVisual.webp\" class=\"attachment-full size-full wp-image-517\" alt=\"\" srcset=\"https:\/\/thisismuri.com\/wp-content\/uploads\/2025\/06\/IdentidadeVisual.webp 417w, https:\/\/thisismuri.com\/wp-content\/uploads\/2025\/06\/IdentidadeVisual-300x300.webp 300w, https:\/\/thisismuri.com\/wp-content\/uploads\/2025\/06\/IdentidadeVisual-150x150.webp 150w\" sizes=\"(max-width: 417px) 100vw, 417px\" \/><\/figure><div class=\"elementor-image-box-content\"><h2 class=\"elementor-image-box-title\">Identidade Visual<\/h2><p class=\"elementor-image-box-description\">\u00c9 a armadura que protege a ess\u00eancia da tua marca. Desde a tipografia e as cores aos mais pequenos detalhes, cada elemento \u00e9 cuidadosamente elaborado para refletir a verdadeira alma do teu neg\u00f3cio.\n<p>\n<p>\nNa MURI, n\u00e3o fazemos desenhos. Criamos identidades que n\u00e3o s\u00f3 impressionam, como tamb\u00e9m fidelizam os clientes.\n<p>\nPronto para causar impacto? O campo de batalha espera por ti.<\/p><\/div><\/div>\t\t\t\t<\/div>\n\t\t\t\t<\/div>\n\t\t\t\t<\/div>\n\t\t\t\t\t<\/div>\n\t\t\t\t<\/div>\n\t\t<div class=\"elementor-element elementor-element-19cb46c e-flex e-con-boxed e-con e-parent\" data-id=\"19cb46c\" data-element_type=\"container\" data-e-type=\"container\">\n\t\t\t\t\t<div class=\"e-con-inner\">\n\t\t<div class=\"elementor-element elementor-element-e21d2e2 e-con-full e-flex e-con e-child\" data-id=\"e21d2e2\" data-element_type=\"container\" data-e-type=\"container\">\n\t\t\t\t<div class=\"elementor-element elementor-element-c164a07 elementor-position-left elementor-vertical-align-top elementor-widget elementor-widget-image-box\" data-id=\"c164a07\" data-element_type=\"widget\" data-e-type=\"widget\" data-widget_type=\"image-box.default\">\n\t\t\t\t<div class=\"elementor-widget-container\">\n\t\t\t\t\t<div class=\"elementor-image-box-wrapper\"><figure class=\"elementor-image-box-img\"><img decoding=\"async\" width=\"417\" height=\"417\" src=\"https:\/\/thisismuri.com\/wp-content\/uploads\/2025\/06\/ComunicacaoePosicionamento.webp\" class=\"attachment-full size-full wp-image-518\" alt=\"\" srcset=\"https:\/\/thisismuri.com\/wp-content\/uploads\/2025\/06\/ComunicacaoePosicionamento.webp 417w, https:\/\/thisismuri.com\/wp-content\/uploads\/2025\/06\/ComunicacaoePosicionamento-300x300.webp 300w, https:\/\/thisismuri.com\/wp-content\/uploads\/2025\/06\/ComunicacaoePosicionamento-150x150.webp 150w\" sizes=\"(max-width: 417px) 100vw, 417px\" \/><\/figure><div class=\"elementor-image-box-content\"><h2 class=\"elementor-image-box-title\">Comunica\u00e7\u00e3o e posicionamento<\/h2><p class=\"elementor-image-box-description\">\u00c9 crucial para a nossa energia que a tua mensagem seja bem comunicada, de forma clara e impactante.\n<p>\n<p>\nNa MURI, ajudamos a fidelizar o teu p\u00fablico, fazendo com que este se conecte com a tua vis\u00e3o e posicionando a tua marca como uma refer\u00eancia no mercado.\n<p>\nPronto para impulsionar a comunica\u00e7\u00e3o da tua marca? Vamos trabalhar juntos.<\/p><\/div><\/div>\t\t\t\t<\/div>\n\t\t\t\t<\/div>\n\t\t\t\t<\/div>\n\t\t<div class=\"elementor-element elementor-element-483814d e-con-full e-flex e-con e-child\" data-id=\"483814d\" data-element_type=\"container\" data-e-type=\"container\">\n\t\t\t\t<div class=\"elementor-element elementor-element-1829cb2 elementor-position-left elementor-vertical-align-top elementor-widget elementor-widget-image-box\" data-id=\"1829cb2\" data-element_type=\"widget\" data-e-type=\"widget\" data-widget_type=\"image-box.default\">\n\t\t\t\t<div class=\"elementor-widget-container\">\n\t\t\t\t\t<div class=\"elementor-image-box-wrapper\"><figure class=\"elementor-image-box-img\"><img loading=\"lazy\" decoding=\"async\" width=\"417\" height=\"417\" src=\"https:\/\/thisismuri.com\/wp-content\/uploads\/2025\/06\/BrandBook.webp\" class=\"attachment-full size-full wp-image-519\" alt=\"\" srcset=\"https:\/\/thisismuri.com\/wp-content\/uploads\/2025\/06\/BrandBook.webp 417w, https:\/\/thisismuri.com\/wp-content\/uploads\/2025\/06\/BrandBook-300x300.webp 300w, https:\/\/thisismuri.com\/wp-content\/uploads\/2025\/06\/BrandBook-150x150.webp 150w\" sizes=\"(max-width: 417px) 100vw, 417px\" \/><\/figure><div class=\"elementor-image-box-content\"><h2 class=\"elementor-image-box-title\">Brand Book<\/h2><p class=\"elementor-image-box-description\">O manual da marca \u00e9 como um c\u00f3digo de conduta que orienta cada a\u00e7\u00e3o e comunica\u00e7\u00e3o e visa proteger a integridade da identidade da tua marca.\n<p><p>\nCom um manual bem estruturado, garantimos que todas as intera\u00e7\u00f5es futuras mant\u00eam a tua marca fiel, coerente e sempre reconhec\u00edvel. Seja qual for a plataforma\/canal, o seu p\u00fablico ter\u00e1 uma experi\u00eancia coesa e memor\u00e1vel.\n<p>\nQuer uma marca forte, consistente e pronta para conquistar? Vamos come\u00e7ar!<\/p><\/div><\/div>\t\t\t\t<\/div>\n\t\t\t\t<\/div>\n\t\t\t\t<\/div>\n\t\t\t\t\t<\/div>\n\t\t\t\t<\/div>\n\t\t<div class=\"elementor-element elementor-element-d63bdf3 e-flex e-con-boxed e-con e-parent\" data-id=\"d63bdf3\" data-element_type=\"container\" data-e-type=\"container\">\n\t\t\t\t\t<div class=\"e-con-inner\">\n\t\t<div class=\"elementor-element elementor-element-3d75e17 e-con-full e-flex e-con e-child\" data-id=\"3d75e17\" data-element_type=\"container\" data-e-type=\"container\">\n\t\t\t\t<div class=\"elementor-element elementor-element-da17ff9 elementor-widget elementor-widget-video\" data-id=\"da17ff9\" data-element_type=\"widget\" data-e-type=\"widget\" data-settings=\"{&quot;video_type&quot;:&quot;hosted&quot;,&quot;autoplay&quot;:&quot;yes&quot;,&quot;loop&quot;:&quot;yes&quot;}\" data-widget_type=\"video.default\">\n\t\t\t\t<div class=\"elementor-widget-container\">\n\t\t\t\t\t\t\t<div class=\"e-hosted-video elementor-wrapper elementor-open-inline\">\n\t\t\t\t\t<video class=\"elementor-video\" src=\"https:\/\/thisismuri.com\/wp-content\/uploads\/2025\/06\/a-Casa-2.mp4\" autoplay=\"\" loop=\"\" controlsList=\"nodownload\"><\/video>\n\t\t\t\t<\/div>\n\t\t\t\t\t\t<\/div>\n\t\t\t\t<\/div>\n\t\t\t\t<\/div>\n\t\t<div class=\"elementor-element elementor-element-379571c e-con-full e-flex e-con e-child\" data-id=\"379571c\" data-element_type=\"container\" data-e-type=\"container\">\n\t\t\t\t<div class=\"elementor-element elementor-element-c592e23 elementor-widget elementor-widget-video\" data-id=\"c592e23\" data-element_type=\"widget\" data-e-type=\"widget\" data-settings=\"{&quot;video_type&quot;:&quot;hosted&quot;,&quot;autoplay&quot;:&quot;yes&quot;,&quot;loop&quot;:&quot;yes&quot;}\" data-widget_type=\"video.default\">\n\t\t\t\t<div class=\"elementor-widget-container\">\n\t\t\t\t\t\t\t<div class=\"e-hosted-video elementor-wrapper elementor-open-inline\">\n\t\t\t\t\t<video class=\"elementor-video\" src=\"https:\/\/thisismuri.com\/wp-content\/uploads\/2025\/06\/MCostas.mp4\" autoplay=\"\" loop=\"\" controlsList=\"nodownload\"><\/video>\n\t\t\t\t<\/div>\n\t\t\t\t\t\t<\/div>\n\t\t\t\t<\/div>\n\t\t\t\t<\/div>\n\t\t\t\t\t<\/div>\n\t\t\t\t<\/div>\n\t\t<div class=\"elementor-element elementor-element-6de56ae e-flex e-con-boxed e-con e-parent\" data-id=\"6de56ae\" data-element_type=\"container\" data-e-type=\"container\">\n\t\t\t\t\t<div class=\"e-con-inner\">\n\t\t<div class=\"elementor-element elementor-element-7029b38 e-con-full e-flex e-con e-child\" data-id=\"7029b38\" data-element_type=\"container\" data-e-type=\"container\">\n\t\t\t\t<div class=\"elementor-element elementor-element-1824000 elementor-widget elementor-widget-image\" data-id=\"1824000\" data-element_type=\"widget\" data-e-type=\"widget\" data-widget_type=\"image.default\">\n\t\t\t\t<div class=\"elementor-widget-container\">\n\t\t\t\t\t\t\t\t\t\t\t\t\t\t\t<img loading=\"lazy\" decoding=\"async\" width=\"800\" height=\"451\" src=\"https:\/\/thisismuri.com\/wp-content\/uploads\/2025\/06\/Muri-Brandbook-1024x577.webp\" class=\"attachment-large size-large wp-image-459\" alt=\"\" srcset=\"https:\/\/thisismuri.com\/wp-content\/uploads\/2025\/06\/Muri-Brandbook-1024x577.webp 1024w, https:\/\/thisismuri.com\/wp-content\/uploads\/2025\/06\/Muri-Brandbook-300x169.webp 300w, https:\/\/thisismuri.com\/wp-content\/uploads\/2025\/06\/Muri-Brandbook-768x433.webp 768w, https:\/\/thisismuri.com\/wp-content\/uploads\/2025\/06\/Muri-Brandbook-1536x866.webp 1536w, https:\/\/thisismuri.com\/wp-content\/uploads\/2025\/06\/Muri-Brandbook.webp 1603w\" sizes=\"(max-width: 800px) 100vw, 800px\" \/>\t\t\t\t\t\t\t\t\t\t\t\t\t\t\t<\/div>\n\t\t\t\t<\/div>\n\t\t\t\t<\/div>\n\t\t<div class=\"elementor-element elementor-element-9e93b3e e-con-full e-flex e-con e-child\" data-id=\"9e93b3e\" data-element_type=\"container\" data-e-type=\"container\">\n\t\t\t\t<div class=\"elementor-element elementor-element-5a0543b elementor-widget elementor-widget-image\" data-id=\"5a0543b\" data-element_type=\"widget\" data-e-type=\"widget\" data-widget_type=\"image.default\">\n\t\t\t\t<div class=\"elementor-widget-container\">\n\t\t\t\t\t\t\t\t\t\t\t\t\t\t\t<img loading=\"lazy\" decoding=\"async\" width=\"800\" height=\"451\" src=\"https:\/\/thisismuri.com\/wp-content\/uploads\/2025\/06\/Xiringuito-box-1024x577.webp\" class=\"attachment-large size-large wp-image-460\" alt=\"\" srcset=\"https:\/\/thisismuri.com\/wp-content\/uploads\/2025\/06\/Xiringuito-box-1024x577.webp 1024w, https:\/\/thisismuri.com\/wp-content\/uploads\/2025\/06\/Xiringuito-box-300x169.webp 300w, https:\/\/thisismuri.com\/wp-content\/uploads\/2025\/06\/Xiringuito-box-768x433.webp 768w, https:\/\/thisismuri.com\/wp-content\/uploads\/2025\/06\/Xiringuito-box-1536x866.webp 1536w, https:\/\/thisismuri.com\/wp-content\/uploads\/2025\/06\/Xiringuito-box.webp 1603w\" sizes=\"(max-width: 800px) 100vw, 800px\" \/>\t\t\t\t\t\t\t\t\t\t\t\t\t\t\t<\/div>\n\t\t\t\t<\/div>\n\t\t\t\t<\/div>\n\t\t\t\t\t<\/div>\n\t\t\t\t<\/div>\n\t\t<div class=\"elementor-element elementor-element-caa3edf e-flex e-con-boxed e-con e-parent\" data-id=\"caa3edf\" data-element_type=\"container\" data-e-type=\"container\">\n\t\t\t\t\t<div class=\"e-con-inner\">\n\t\t\t\t<div class=\"elementor-element elementor-element-a5bfe60 elementor-widget elementor-widget-heading\" data-id=\"a5bfe60\" data-element_type=\"widget\" data-e-type=\"widget\" data-widget_type=\"heading.default\">\n\t\t\t\t<div class=\"elementor-widget-container\">\n\t\t\t\t\t<h2 class=\"elementor-heading-title elementor-size-default\">Vamos criar algo \u00fanico.\n<\/h2>\t\t\t\t<\/div>\n\t\t\t\t<\/div>\n\t\t\t\t<div class=\"elementor-element elementor-element-c1407b5 elementor-widget elementor-widget-heading\" data-id=\"c1407b5\" data-element_type=\"widget\" data-e-type=\"widget\" data-widget_type=\"heading.default\">\n\t\t\t\t<div class=\"elementor-widget-container\">\n\t\t\t\t\t<h2 class=\"elementor-heading-title elementor-size-default\">Estamos ansiosos para ouvir a tua hist\u00f3ria!<\/h2>\t\t\t\t<\/div>\n\t\t\t\t<\/div>\n\t\t\t\t<div class=\"elementor-element elementor-element-9f8b45f elementor-widget elementor-widget-text-editor\" data-id=\"9f8b45f\" data-element_type=\"widget\" data-e-type=\"widget\" data-widget_type=\"text-editor.default\">\n\t\t\t\t<div class=\"elementor-widget-container\">\n\t\t\t\t\t\t\t\t\t<p>Come\u00e7a o teu projeto hoje.<\/p>\t\t\t\t\t\t\t\t<\/div>\n\t\t\t\t<\/div>\n\t\t\t\t\t<\/div>\n\t\t\t\t<\/div>\n\t\t<div class=\"elementor-element elementor-element-24c3477 e-flex e-con-boxed e-con e-parent\" data-id=\"24c3477\" data-element_type=\"container\" data-e-type=\"container\">\n\t\t\t\t\t<div class=\"e-con-inner\">\n\t\t\t\t<div class=\"elementor-element elementor-element-bdf8873 elementor-button-align-stretch elementor-widget elementor-widget-form\" data-id=\"bdf8873\" data-element_type=\"widget\" data-e-type=\"widget\" data-settings=\"{&quot;step_next_label&quot;:&quot;Pr\\u00f3ximo&quot;,&quot;step_previous_label&quot;:&quot;Anterior&quot;,&quot;button_width&quot;:&quot;20&quot;,&quot;step_type&quot;:&quot;number_text&quot;,&quot;step_icon_shape&quot;:&quot;circle&quot;}\" data-widget_type=\"form.default\">\n\t\t\t\t<div class=\"elementor-widget-container\">\n\t\t\t\t\t\t\t<form class=\"elementor-form\" method=\"post\" name=\"Branding\" aria-label=\"Branding\">\n\t\t\t<input type=\"hidden\" name=\"post_id\" value=\"272\"\/>\n\t\t\t<input type=\"hidden\" name=\"form_id\" value=\"bdf8873\"\/>\n\t\t\t<input type=\"hidden\" name=\"referer_title\" value=\"Branding\" \/>\n\n\t\t\t\t\t\t\t<input type=\"hidden\" name=\"queried_id\" value=\"272\"\/>\n\t\t\t\n\t\t\t<div class=\"elementor-form-fields-wrapper elementor-labels-above\">\n\t\t\t\t\t\t\t\t<div class=\"elementor-field-type-text elementor-field-group elementor-column elementor-field-group-name elementor-col-50 elementor-field-required elementor-mark-required\">\n\t\t\t\t\t\t\t\t\t\t\t\t<label for=\"form-field-name\" class=\"elementor-field-label\">\n\t\t\t\t\t\t\t\tPrimeiro nome\t\t\t\t\t\t\t<\/label>\n\t\t\t\t\t\t\t\t\t\t\t\t\t\t<input size=\"1\" type=\"text\" name=\"form_fields[name]\" id=\"form-field-name\" class=\"elementor-field elementor-size-sm  elementor-field-textual\" placeholder=\"O teu primeiro nome\" required=\"required\">\n\t\t\t\t\t\t\t\t\t\t\t<\/div>\n\t\t\t\t\t\t\t\t<div class=\"elementor-field-type-text elementor-field-group elementor-column elementor-field-group-field_1f46e0a elementor-col-50 elementor-field-required elementor-mark-required\">\n\t\t\t\t\t\t\t\t\t\t\t\t<label for=\"form-field-field_1f46e0a\" class=\"elementor-field-label\">\n\t\t\t\t\t\t\t\t\u00daltimo nome\t\t\t\t\t\t\t<\/label>\n\t\t\t\t\t\t\t\t\t\t\t\t\t\t<input size=\"1\" type=\"text\" name=\"form_fields[field_1f46e0a]\" id=\"form-field-field_1f46e0a\" class=\"elementor-field elementor-size-sm  elementor-field-textual\" placeholder=\"O teu \u00faltimo nome\" required=\"required\">\n\t\t\t\t\t\t\t\t\t\t\t<\/div>\n\t\t\t\t\t\t\t\t<div class=\"elementor-field-type-email elementor-field-group elementor-column elementor-field-group-email elementor-col-50 elementor-field-required elementor-mark-required\">\n\t\t\t\t\t\t\t\t\t\t\t\t<label for=\"form-field-email\" class=\"elementor-field-label\">\n\t\t\t\t\t\t\t\tEmail\t\t\t\t\t\t\t<\/label>\n\t\t\t\t\t\t\t\t\t\t\t\t\t\t<input size=\"1\" type=\"email\" name=\"form_fields[email]\" id=\"form-field-email\" class=\"elementor-field elementor-size-sm  elementor-field-textual\" placeholder=\"O teu email\" required=\"required\">\n\t\t\t\t\t\t\t\t\t\t\t<\/div>\n\t\t\t\t\t\t\t\t<div class=\"elementor-field-type-tel elementor-field-group elementor-column elementor-field-group-field_b09651f elementor-col-50 elementor-field-required elementor-mark-required\">\n\t\t\t\t\t\t\t\t\t\t\t\t<label for=\"form-field-field_b09651f\" class=\"elementor-field-label\">\n\t\t\t\t\t\t\t\tTelem\u00f3vel\t\t\t\t\t\t\t<\/label>\n\t\t\t\t\t\t\t\t<input size=\"1\" type=\"tel\" name=\"form_fields[field_b09651f]\" id=\"form-field-field_b09651f\" class=\"elementor-field elementor-size-sm  elementor-field-textual\" placeholder=\"O teu n\u00famero de telem\u00f3vel\" required=\"required\" pattern=\"[0-9()#&amp;+*-=.]+\" title=\"Only numbers and phone characters (#, -, *, etc) are accepted.\">\n\n\t\t\t\t\t\t<\/div>\n\t\t\t\t\t\t\t\t<div class=\"elementor-field-type-text elementor-field-group elementor-column elementor-field-group-field_5525054 elementor-col-100 elementor-field-required elementor-mark-required\">\n\t\t\t\t\t\t\t\t\t\t\t\t<label for=\"form-field-field_5525054\" class=\"elementor-field-label\">\n\t\t\t\t\t\t\t\tEmpresa\t\t\t\t\t\t\t<\/label>\n\t\t\t\t\t\t\t\t\t\t\t\t\t\t<input size=\"1\" type=\"text\" name=\"form_fields[field_5525054]\" id=\"form-field-field_5525054\" class=\"elementor-field elementor-size-sm  elementor-field-textual\" placeholder=\"O nome da empresa\" required=\"required\">\n\t\t\t\t\t\t\t\t\t\t\t<\/div>\n\t\t\t\t\t\t\t\t<div class=\"elementor-field-type-textarea elementor-field-group elementor-column elementor-field-group-field_e0ba00b elementor-col-100 elementor-field-required elementor-mark-required\">\n\t\t\t\t\t\t\t\t\t\t\t\t<label for=\"form-field-field_e0ba00b\" class=\"elementor-field-label\">\n\t\t\t\t\t\t\t\tConta-nos mais sobre ti.\t\t\t\t\t\t\t<\/label>\n\t\t\t\t\t\t<textarea class=\"elementor-field-textual elementor-field  elementor-size-sm\" name=\"form_fields[field_e0ba00b]\" id=\"form-field-field_e0ba00b\" rows=\"3\" placeholder=\"Escreve aqui.\" required=\"required\"><\/textarea>\t\t\t\t<\/div>\n\t\t\t\t\t\t\t\t<div class=\"elementor-field-type-recaptcha_v3 elementor-field-group elementor-column elementor-field-group-field_35ff748 elementor-col-100 recaptcha_v3-inline\">\n\t\t\t\t\t<div class=\"elementor-field\" id=\"form-field-field_35ff748\"><div class=\"elementor-g-recaptcha\" data-sitekey=\"6Leni5UrAAAAAM_PboW5r_NEcPynLHEiF_i5DrrH\" data-type=\"v3\" data-action=\"Form\" data-badge=\"inline\" data-size=\"invisible\"><\/div><\/div>\t\t\t\t<\/div>\n\t\t\t\t\t\t\t\t<div class=\"elementor-field-group elementor-column elementor-field-type-submit elementor-col-20 e-form__buttons\">\n\t\t\t\t\t<button class=\"elementor-button elementor-size-sm\" type=\"submit\" id=\"brandingsubmit\">\n\t\t\t\t\t\t<span class=\"elementor-button-content-wrapper\">\n\t\t\t\t\t\t\t\t\t\t\t\t\t\t\t\t\t\t\t\t\t\t<span class=\"elementor-button-text\">Enviar<\/span>\n\t\t\t\t\t\t\t\t\t\t\t\t\t<\/span>\n\t\t\t\t\t<\/button>\n\t\t\t\t<\/div>\n\t\t\t<\/div>\n\t\t<\/form>\n\t\t\t\t\t\t<\/div>\n\t\t\t\t<\/div>\n\t\t\t\t\t<\/div>\n\t\t\t\t<\/div>\n\t\t\t\t<\/div>\n\t\t","protected":false},"excerpt":{"rendered":"<p>Servi\u00e7os Branding Uma marca \u00e9 muito mais do que um nome, um log\u00f3tipo ou um slogan. \u00c9 a identidade do teu neg\u00f3cio, o que o torna \u00fanico e o que conecta com o seu p\u00fablico. Por isso, cri\u00e1mos estrat\u00e9gias de marca, posicionamento e identidade visual que tornam o teu neg\u00f3cio impactante, respeitado e apelativo. Pronto [&hellip;]<\/p>\n","protected":false},"author":1,"featured_media":0,"parent":0,"menu_order":0,"comment_status":"closed","ping_status":"closed","template":"","meta":{"footnotes":""},"class_list":["post-272","page","type-page","status-publish","hentry"],"_links":{"self":[{"href":"https:\/\/thisismuri.com\/en\/wp-json\/wp\/v2\/pages\/272","targetHints":{"allow":["GET"]}}],"collection":[{"href":"https:\/\/thisismuri.com\/en\/wp-json\/wp\/v2\/pages"}],"about":[{"href":"https:\/\/thisismuri.com\/en\/wp-json\/wp\/v2\/types\/page"}],"author":[{"embeddable":true,"href":"https:\/\/thisismuri.com\/en\/wp-json\/wp\/v2\/users\/1"}],"replies":[{"embeddable":true,"href":"https:\/\/thisismuri.com\/en\/wp-json\/wp\/v2\/comments?post=272"}],"version-history":[{"count":109,"href":"https:\/\/thisismuri.com\/en\/wp-json\/wp\/v2\/pages\/272\/revisions"}],"predecessor-version":[{"id":1879,"href":"https:\/\/thisismuri.com\/en\/wp-json\/wp\/v2\/pages\/272\/revisions\/1879"}],"wp:attachment":[{"href":"https:\/\/thisismuri.com\/en\/wp-json\/wp\/v2\/media?parent=272"}],"curies":[{"name":"wp","href":"https:\/\/api.w.org\/{rel}","templated":true}]}}