{"id":3,"date":"2025-06-12T16:21:03","date_gmt":"2025-06-12T16:21:03","guid":{"rendered":"https:\/\/thisismuri.com\/?page_id=3"},"modified":"2025-06-17T08:50:49","modified_gmt":"2025-06-17T08:50:49","slug":"politica-privacidade","status":"publish","type":"page","link":"https:\/\/thisismuri.com\/en\/politica-privacidade\/","title":{"rendered":"Pol\u00edtica de privacidade"},"content":{"rendered":"<div data-elementor-type=\"wp-page\" data-elementor-id=\"3\" class=\"elementor elementor-3\" data-elementor-post-type=\"page\">\n\t\t\t\t<div class=\"elementor-element elementor-element-0b690a9 e-flex e-con-boxed e-con e-parent\" data-id=\"0b690a9\" data-element_type=\"container\" data-e-type=\"container\">\n\t\t\t\t\t<div class=\"e-con-inner\">\n\t\t\t\t<div class=\"elementor-element elementor-element-4813999 elementor-widget elementor-widget-heading\" data-id=\"4813999\" data-element_type=\"widget\" data-e-type=\"widget\" data-widget_type=\"heading.default\">\n\t\t\t\t<div class=\"elementor-widget-container\">\n\t\t\t\t\t<h1 class=\"elementor-heading-title elementor-size-default\">Privacy Policy<\/h1>\t\t\t\t<\/div>\n\t\t\t\t<\/div>\n\t\t\t\t<div class=\"elementor-element elementor-element-ec8f996 elementor-widget elementor-widget-heading\" data-id=\"ec8f996\" data-element_type=\"widget\" data-e-type=\"widget\" data-widget_type=\"heading.default\">\n\t\t\t\t<div class=\"elementor-widget-container\">\n\t\t\t\t\t<h2 class=\"elementor-heading-title elementor-size-default\">1. Informa\u00e7\u00f5es Gerais<\/h2>\t\t\t\t<\/div>\n\t\t\t\t<\/div>\n\t\t\t\t<div class=\"elementor-element elementor-element-2f5acb5 elementor-widget elementor-widget-text-editor\" data-id=\"2f5acb5\" data-element_type=\"widget\" data-e-type=\"widget\" data-widget_type=\"text-editor.default\">\n\t\t\t\t<div class=\"elementor-widget-container\">\n\t\t\t\t\t\t\t\t\t<p data-start=\"217\" data-end=\"404\">A presente Pol\u00edtica de Privacidade descreve a forma como recolhemos, utilizamos e tratamos os seus dados pessoais quando visita ou interage com o nosso site <a href=\"https:\/\/thisismuri.com\/en\/\"><b>www.thisismuri.com<\/b><\/a>.<\/p><p data-start=\"406\" data-end=\"615\">Estamos empenhados em proteger a sua privacidade e a garantir a seguran\u00e7a dos seus dados, em conformidade com o <strong data-start=\"518\" data-end=\"572\">Regulamento Geral sobre a Prote\u00e7\u00e3o de Dados (RGPD)<\/strong> e demais legisla\u00e7\u00e3o aplic\u00e1vel em Portugal.<\/p>\t\t\t\t\t\t\t\t<\/div>\n\t\t\t\t<\/div>\n\t\t\t\t<div class=\"elementor-element elementor-element-2201e58 elementor-widget elementor-widget-heading\" data-id=\"2201e58\" data-element_type=\"widget\" data-e-type=\"widget\" data-widget_type=\"heading.default\">\n\t\t\t\t<div class=\"elementor-widget-container\">\n\t\t\t\t\t<h2 class=\"elementor-heading-title elementor-size-default\">2. Dados recolhidos<\/h2>\t\t\t\t<\/div>\n\t\t\t\t<\/div>\n\t\t\t\t<div class=\"elementor-element elementor-element-4414561 elementor-widget elementor-widget-text-editor\" data-id=\"4414561\" data-element_type=\"widget\" data-e-type=\"widget\" data-widget_type=\"text-editor.default\">\n\t\t\t\t<div class=\"elementor-widget-container\">\n\t\t\t\t\t\t\t\t\t<p data-start=\"641\" data-end=\"688\">Poderemos recolher os seguintes tipos de dados:<\/p><ul data-start=\"690\" data-end=\"1097\"><li data-start=\"690\" data-end=\"817\"><p data-start=\"692\" data-end=\"817\"><strong data-start=\"692\" data-end=\"710\">Dados pessoais<\/strong>: nome, endere\u00e7o de e-mail, contacto telef\u00f3nico, morada, entre outros, quando preenche formul\u00e1rios no site.<\/p><\/li><li data-start=\"818\" data-end=\"955\"><p data-start=\"820\" data-end=\"955\"><strong data-start=\"820\" data-end=\"842\">Dados de navega\u00e7\u00e3o<\/strong>: endere\u00e7o IP, tipo de navegador, p\u00e1ginas visitadas, dura\u00e7\u00e3o da visita, cookies e outras tecnologias semelhantes.<\/p><\/li><li data-start=\"956\" data-end=\"1097\"><p data-start=\"958\" data-end=\"1097\"><strong data-start=\"958\" data-end=\"974\">Outros dados<\/strong>: fornecidos voluntariamente por si, por exemplo ao subscrever uma newsletter, preencher question\u00e1rios ou realizar compras.<\/p><\/li><\/ul>\t\t\t\t\t\t\t\t<\/div>\n\t\t\t\t<\/div>\n\t\t\t\t<div class=\"elementor-element elementor-element-6e84824 elementor-widget elementor-widget-heading\" data-id=\"6e84824\" data-element_type=\"widget\" data-e-type=\"widget\" data-widget_type=\"heading.default\">\n\t\t\t\t<div class=\"elementor-widget-container\">\n\t\t\t\t\t<h2 class=\"elementor-heading-title elementor-size-default\">3. Finalidade e tratamento dos dados<\/h2>\t\t\t\t<\/div>\n\t\t\t\t<\/div>\n\t\t\t\t<div class=\"elementor-element elementor-element-485c0fb elementor-widget elementor-widget-text-editor\" data-id=\"485c0fb\" data-element_type=\"widget\" data-e-type=\"widget\" data-widget_type=\"text-editor.default\">\n\t\t\t\t<div class=\"elementor-widget-container\">\n\t\t\t\t\t\t\t\t\t<p data-start=\"1141\" data-end=\"1189\">Os dados recolhidos poder\u00e3o ser utilizados para:<\/p><ul data-start=\"1191\" data-end=\"1422\"><li data-start=\"1191\" data-end=\"1240\"><p data-start=\"1193\" data-end=\"1240\">Fornecer, operar e melhorar os nossos servi\u00e7os;<\/p><\/li><li data-start=\"1241\" data-end=\"1310\"><p data-start=\"1243\" data-end=\"1310\">Entrar em contacto consigo para fins administrativos ou comerciais;<\/p><\/li><li data-start=\"1311\" data-end=\"1377\"><p data-start=\"1313\" data-end=\"1377\">Enviar comunica\u00e7\u00f5es promocionais (mediante o seu consentimento);<\/p><\/li><li data-start=\"1378\" data-end=\"1422\"><p data-start=\"1380\" data-end=\"1422\">Cumprir obriga\u00e7\u00f5es legais ou regulat\u00f3rias.<\/p><\/li><\/ul>\t\t\t\t\t\t\t\t<\/div>\n\t\t\t\t<\/div>\n\t\t\t\t<div class=\"elementor-element elementor-element-33a473c elementor-widget elementor-widget-heading\" data-id=\"33a473c\" data-element_type=\"widget\" data-e-type=\"widget\" data-widget_type=\"heading.default\">\n\t\t\t\t<div class=\"elementor-widget-container\">\n\t\t\t\t\t<h2 class=\"elementor-heading-title elementor-size-default\">4. Partilha de Dados<\/h2>\t\t\t\t<\/div>\n\t\t\t\t<\/div>\n\t\t\t\t<div class=\"elementor-element elementor-element-34438f6 elementor-widget elementor-widget-text-editor\" data-id=\"34438f6\" data-element_type=\"widget\" data-e-type=\"widget\" data-widget_type=\"text-editor.default\">\n\t\t\t\t<div class=\"elementor-widget-container\">\n\t\t\t\t\t\t\t\t\t<p data-start=\"1449\" data-end=\"1491\">Os seus dados poder\u00e3o ser partilhados com:<\/p><ul data-start=\"1493\" data-end=\"1691\"><li data-start=\"1493\" data-end=\"1585\"><p data-start=\"1495\" data-end=\"1585\">Prestadores de servi\u00e7os (ex: alojamento web, envio de newsletters, sistemas de pagamento);<\/p><\/li><li data-start=\"1586\" data-end=\"1636\"><p data-start=\"1588\" data-end=\"1636\">Autoridades competentes, quando exigido por lei;<\/p><\/li><li data-start=\"1637\" data-end=\"1691\"><p data-start=\"1639\" data-end=\"1691\">Terceiros, apenas com o seu consentimento expl\u00edcito.<\/p><\/li><\/ul><p data-start=\"1693\" data-end=\"1754\"><strong data-start=\"1693\" data-end=\"1754\">Em nenhuma circunst\u00e2ncia vendemos os seus dados pessoais.<\/strong><\/p>\t\t\t\t\t\t\t\t<\/div>\n\t\t\t\t<\/div>\n\t\t\t\t<div class=\"elementor-element elementor-element-bd6adef elementor-widget elementor-widget-heading\" data-id=\"bd6adef\" data-element_type=\"widget\" data-e-type=\"widget\" data-widget_type=\"heading.default\">\n\t\t\t\t<div class=\"elementor-widget-container\">\n\t\t\t\t\t<h2 class=\"elementor-heading-title elementor-size-default\">5. Utiliza\u00e7\u00e3o de Cookies<\/h2>\t\t\t\t<\/div>\n\t\t\t\t<\/div>\n\t\t\t\t<div class=\"elementor-element elementor-element-30431ef elementor-widget elementor-widget-text-editor\" data-id=\"30431ef\" data-element_type=\"widget\" data-e-type=\"widget\" data-widget_type=\"text-editor.default\">\n\t\t\t\t<div class=\"elementor-widget-container\">\n\t\t\t\t\t\t\t\t\t<p data-start=\"1785\" data-end=\"1901\">Este site utiliza cookies para melhorar a sua experi\u00eancia de navega\u00e7\u00e3o, analisar o tr\u00e1fego e personalizar conte\u00fados.<\/p><p data-start=\"1903\" data-end=\"2070\">Pode configurar o seu navegador para recusar ou eliminar cookies. No entanto, algumas funcionalidades do site poder\u00e3o n\u00e3o funcionar correctamente sem o uso de cookies.<\/p>\t\t\t\t\t\t\t\t<\/div>\n\t\t\t\t<\/div>\n\t\t\t\t<div class=\"elementor-element elementor-element-911bae8 elementor-widget elementor-widget-heading\" data-id=\"911bae8\" data-element_type=\"widget\" data-e-type=\"widget\" data-widget_type=\"heading.default\">\n\t\t\t\t<div class=\"elementor-widget-container\">\n\t\t\t\t\t<h2 class=\"elementor-heading-title elementor-size-default\">6. Os Seus Direitos<\/h2>\t\t\t\t<\/div>\n\t\t\t\t<\/div>\n\t\t\t\t<div class=\"elementor-element elementor-element-8d89c4d elementor-widget elementor-widget-text-editor\" data-id=\"8d89c4d\" data-element_type=\"widget\" data-e-type=\"widget\" data-widget_type=\"text-editor.default\">\n\t\t\t\t<div class=\"elementor-widget-container\">\n\t\t\t\t\t\t\t\t\t<p data-start=\"2096\" data-end=\"2159\">Ao abrigo do RGPD, enquanto titular dos dados, tem o direito a:<\/p><ul data-start=\"2161\" data-end=\"2442\"><li data-start=\"2161\" data-end=\"2214\"><p data-start=\"2163\" data-end=\"2214\">Aceder aos dados pessoais que conservamos sobre si;<\/p><\/li><li data-start=\"2215\" data-end=\"2271\"><p data-start=\"2217\" data-end=\"2271\">Solicitar a rectifica\u00e7\u00e3o ou elimina\u00e7\u00e3o dos seus dados;<\/p><\/li><li data-start=\"2272\" data-end=\"2322\"><p data-start=\"2274\" data-end=\"2322\">Limitar ou opor-se ao tratamento dos seus dados;<\/p><\/li><li data-start=\"2323\" data-end=\"2361\"><p data-start=\"2325\" data-end=\"2361\">Solicitar a portabilidade dos dados;<\/p><\/li><li data-start=\"2362\" data-end=\"2442\"><p data-start=\"2364\" data-end=\"2442\">Retirar o seu consentimento, quando o tratamento for baseado nesse fundamento.<\/p><\/li><\/ul><p data-start=\"2444\" data-end=\"2546\">Para exercer os seus direitos, contacte-nos atrav\u00e9s do endere\u00e7o de e-mail: <a href=\"mailto:marketing@thisismuri.com\"><b>marketing@thisismuri.com<\/b><\/a><\/p>\t\t\t\t\t\t\t\t<\/div>\n\t\t\t\t<\/div>\n\t\t\t\t<div class=\"elementor-element elementor-element-b42ec40 elementor-widget elementor-widget-heading\" data-id=\"b42ec40\" data-element_type=\"widget\" data-e-type=\"widget\" data-widget_type=\"heading.default\">\n\t\t\t\t<div class=\"elementor-widget-container\">\n\t\t\t\t\t<h2 class=\"elementor-heading-title elementor-size-default\">7. Medidas de Seguran\u00e7a<\/h2>\t\t\t\t<\/div>\n\t\t\t\t<\/div>\n\t\t\t\t<div class=\"elementor-element elementor-element-b396e00 elementor-widget elementor-widget-text-editor\" data-id=\"b396e00\" data-element_type=\"widget\" data-e-type=\"widget\" data-widget_type=\"text-editor.default\">\n\t\t\t\t<div class=\"elementor-widget-container\">\n\t\t\t\t\t\t\t\t\t<p data-start=\"2576\" data-end=\"2710\">Adoptamos medidas t\u00e9cnicas e organizativas adequadas para proteger os seus dados contra acessos n\u00e3o autorizados, perdas ou destrui\u00e7\u00e3o.<\/p>\t\t\t\t\t\t\t\t<\/div>\n\t\t\t\t<\/div>\n\t\t\t\t<div class=\"elementor-element elementor-element-ab63224 elementor-widget elementor-widget-heading\" data-id=\"ab63224\" data-element_type=\"widget\" data-e-type=\"widget\" data-widget_type=\"heading.default\">\n\t\t\t\t<div class=\"elementor-widget-container\">\n\t\t\t\t\t<h2 class=\"elementor-heading-title elementor-size-default\">8. Altera\u00e7\u00f5es \u00e0 Pol\u00edtica<\/h2>\t\t\t\t<\/div>\n\t\t\t\t<\/div>\n\t\t\t\t<div class=\"elementor-element elementor-element-7c103d0 elementor-widget elementor-widget-text-editor\" data-id=\"7c103d0\" data-element_type=\"widget\" data-e-type=\"widget\" data-widget_type=\"text-editor.default\">\n\t\t\t\t<div class=\"elementor-widget-container\">\n\t\t\t\t\t\t\t\t\t<p data-start=\"2741\" data-end=\"2950\">Reservamo-nos o direito de alterar esta Pol\u00edtica de Privacidade a qualquer momento. Recomendamos que consulte esta p\u00e1gina regularmente. A data da \u00faltima actualiza\u00e7\u00e3o ser\u00e1 sempre indicada no final do documento.<\/p>\t\t\t\t\t\t\t\t<\/div>\n\t\t\t\t<\/div>\n\t\t\t\t<div class=\"elementor-element elementor-element-f5591f0 elementor-widget elementor-widget-heading\" data-id=\"f5591f0\" data-element_type=\"widget\" data-e-type=\"widget\" data-widget_type=\"heading.default\">\n\t\t\t\t<div class=\"elementor-widget-container\">\n\t\t\t\t\t<h2 class=\"elementor-heading-title elementor-size-default\">9. Contacto<\/h2>\t\t\t\t<\/div>\n\t\t\t\t<\/div>\n\t\t\t\t<div class=\"elementor-element elementor-element-7ad609f elementor-widget elementor-widget-text-editor\" data-id=\"7ad609f\" data-element_type=\"widget\" data-e-type=\"widget\" data-widget_type=\"text-editor.default\">\n\t\t\t\t<div class=\"elementor-widget-container\">\n\t\t\t\t\t\t\t\t\t<p data-start=\"2741\" data-end=\"2950\">Para qualquer quest\u00e3o relacionada com esta Pol\u00edtica de Privacidade ou com o tratamento dos seus dados pessoais, pode contactar-nos atrav\u00e9s do e-mail: <a href=\"mailto:marketing@thisismuri.com\"><b>marketing@thisismuri.com<\/b><\/a><\/p>\t\t\t\t\t\t\t\t<\/div>\n\t\t\t\t<\/div>\n\t\t\t\t\t<\/div>\n\t\t\t\t<\/div>\n\t\t\t\t<\/div>","protected":false},"excerpt":{"rendered":"<p>Pol\u00edtica de Privacidade 1. Informa\u00e7\u00f5es Gerais A presente Pol\u00edtica de Privacidade descreve a forma como recolhemos, utilizamos e tratamos os seus dados pessoais quando visita ou interage com o nosso site www.thisismuri.com. Estamos empenhados em proteger a sua privacidade e a garantir a seguran\u00e7a dos seus dados, em conformidade com o Regulamento Geral sobre a [&hellip;]<\/p>\n","protected":false},"author":1,"featured_media":0,"parent":0,"menu_order":0,"comment_status":"closed","ping_status":"open","template":"","meta":{"footnotes":""},"class_list":["post-3","page","type-page","status-publish","hentry"],"_links":{"self":[{"href":"https:\/\/thisismuri.com\/en\/wp-json\/wp\/v2\/pages\/3","targetHints":{"allow":["GET"]}}],"collection":[{"href":"https:\/\/thisismuri.com\/en\/wp-json\/wp\/v2\/pages"}],"about":[{"href":"https:\/\/thisismuri.com\/en\/wp-json\/wp\/v2\/types\/page"}],"author":[{"embeddable":true,"href":"https:\/\/thisismuri.com\/en\/wp-json\/wp\/v2\/users\/1"}],"replies":[{"embeddable":true,"href":"https:\/\/thisismuri.com\/en\/wp-json\/wp\/v2\/comments?post=3"}],"version-history":[{"count":13,"href":"https:\/\/thisismuri.com\/en\/wp-json\/wp\/v2\/pages\/3\/revisions"}],"predecessor-version":[{"id":1029,"href":"https:\/\/thisismuri.com\/en\/wp-json\/wp\/v2\/pages\/3\/revisions\/1029"}],"wp:attachment":[{"href":"https:\/\/thisismuri.com\/en\/wp-json\/wp\/v2\/media?parent=3"}],"curies":[{"name":"wp","href":"https:\/\/api.w.org\/{rel}","templated":true}]}}