{"id":35,"date":"2025-06-12T19:37:52","date_gmt":"2025-06-12T19:37:52","guid":{"rendered":"https:\/\/thisismuri.com\/?page_id=35"},"modified":"2025-06-17T08:32:45","modified_gmt":"2025-06-17T08:32:45","slug":"blog","status":"publish","type":"page","link":"https:\/\/thisismuri.com\/en\/blog\/","title":{"rendered":"Blog"},"content":{"rendered":"\t\t<div data-elementor-type=\"wp-page\" data-elementor-id=\"35\" class=\"elementor elementor-35\" data-elementor-post-type=\"page\">\n\t\t\t\t<div class=\"elementor-element elementor-element-e5b2b41 e-flex e-con-boxed e-con e-parent\" data-id=\"e5b2b41\" data-element_type=\"container\" data-e-type=\"container\">\n\t\t\t\t\t<div class=\"e-con-inner\">\n\t\t\t\t<div class=\"elementor-element elementor-element-3eb1548 elementor-grid-3 elementor-grid-tablet-2 elementor-grid-mobile-1 elementor-widget elementor-widget-loop-grid\" data-id=\"3eb1548\" data-element_type=\"widget\" data-e-type=\"widget\" data-settings=\"{&quot;template_id&quot;:657,&quot;_skin&quot;:&quot;post&quot;,&quot;columns&quot;:&quot;3&quot;,&quot;columns_tablet&quot;:&quot;2&quot;,&quot;columns_mobile&quot;:&quot;1&quot;,&quot;edit_handle_selector&quot;:&quot;[data-elementor-type=\\&quot;loop-item\\&quot;]&quot;,&quot;row_gap&quot;:{&quot;unit&quot;:&quot;px&quot;,&quot;size&quot;:&quot;&quot;,&quot;sizes&quot;:[]},&quot;row_gap_tablet&quot;:{&quot;unit&quot;:&quot;px&quot;,&quot;size&quot;:&quot;&quot;,&quot;sizes&quot;:[]},&quot;row_gap_mobile&quot;:{&quot;unit&quot;:&quot;px&quot;,&quot;size&quot;:&quot;&quot;,&quot;sizes&quot;:[]}}\" data-widget_type=\"loop-grid.post\">\n\t\t\t\t<div class=\"elementor-widget-container\">\n\t\t\t\t\t\t\t<div class=\"elementor-loop-container elementor-grid\" role=\"list\">\n\t\t<style id=\"loop-657\">.elementor-657 .elementor-element.elementor-element-58df99c{--display:flex;--flex-direction:row;--container-widget-width:initial;--container-widget-height:100%;--container-widget-flex-grow:1;--container-widget-align-self:stretch;--flex-wrap-mobile:wrap;--gap:0px 0px;--row-gap:0px;--column-gap:0px;}.elementor-657 .elementor-element.elementor-element-6435dbc{--display:flex;--flex-direction:column;--container-widget-width:100%;--container-widget-height:initial;--container-widget-flex-grow:0;--container-widget-align-self:initial;--flex-wrap-mobile:wrap;--margin-top:0px;--margin-bottom:0px;--margin-left:0px;--margin-right:0px;--padding-top:0px;--padding-bottom:0px;--padding-left:0px;--padding-right:0px;}.elementor-657 .elementor-element.elementor-element-6435dbc:not(.elementor-motion-effects-element-type-background), .elementor-657 .elementor-element.elementor-element-6435dbc > .elementor-motion-effects-container > .elementor-motion-effects-layer{background-color:#F8F8F8;}.elementor-657 .elementor-element.elementor-element-8fba01e{--display:flex;--flex-direction:column;--container-widget-width:100%;--container-widget-height:initial;--container-widget-flex-grow:0;--container-widget-align-self:initial;--flex-wrap-mobile:wrap;--margin-top:0px;--margin-bottom:0px;--margin-left:0px;--margin-right:0px;--padding-top:0px;--padding-bottom:0px;--padding-left:0px;--padding-right:0px;}.elementor-widget-theme-post-featured-image .widget-image-caption{color:var( --e-global-color-text );font-family:var( --e-global-typography-text-font-family ), Sans-serif;font-weight:var( --e-global-typography-text-font-weight );}.elementor-657 .elementor-element.elementor-element-336ab77 > .elementor-widget-container{margin:0px 0px 0px 0px;padding:0px 0px 0px 0px;}.elementor-widget-theme-post-title .elementor-heading-title{font-family:var( --e-global-typography-primary-font-family ), Sans-serif;font-weight:var( --e-global-typography-primary-font-weight );color:var( --e-global-color-primary );}.elementor-657 .elementor-element.elementor-element-72699a0 .elementor-heading-title{font-family:\"DM Sans\", Sans-serif;font-size:23px;font-weight:600;line-height:28px;color:var( --e-global-color-text );}.elementor-657 .elementor-element.elementor-element-72699a0 > .elementor-widget-container{padding:20px 30px 20px 30px;}@media(min-width:768px){.elementor-657 .elementor-element.elementor-element-6435dbc{--width:100%;}.elementor-657 .elementor-element.elementor-element-8fba01e{--width:100%;}}<\/style>\t\t<div data-elementor-type=\"loop-item\" data-elementor-id=\"657\" class=\"elementor elementor-657 e-loop-item e-loop-item-709 post-709 post type-post status-publish format-standard has-post-thumbnail hentry category-digital category-marketing\" data-elementor-post-type=\"elementor_library\" data-custom-edit-handle=\"1\">\n\t\t\t<div class=\"elementor-element elementor-element-58df99c e-flex e-con-boxed e-con e-parent\" data-id=\"58df99c\" data-element_type=\"container\" data-e-type=\"container\">\n\t\t\t\t\t<div class=\"e-con-inner\">\n\t\t<div class=\"elementor-element elementor-element-6435dbc e-con-full e-flex e-con e-child\" data-id=\"6435dbc\" data-element_type=\"container\" data-e-type=\"container\" data-settings=\"{&quot;background_background&quot;:&quot;classic&quot;}\">\n\t\t<div class=\"elementor-element elementor-element-8fba01e e-con-full e-flex e-con e-child\" data-id=\"8fba01e\" data-element_type=\"container\" data-e-type=\"container\">\n\t\t\t\t<div class=\"elementor-element elementor-element-336ab77 elementor-widget elementor-widget-theme-post-featured-image elementor-widget-image\" data-id=\"336ab77\" data-element_type=\"widget\" data-e-type=\"widget\" data-widget_type=\"theme-post-featured-image.default\">\n\t\t\t\t<div class=\"elementor-widget-container\">\n\t\t\t\t\t\t\t\t\t\t\t\t\t\t\t\t<a href=\"https:\/\/thisismuri.com\/en\/criacao-de-conteudo-de-blog-de-alta-qualidade-que-direciona-trafego\/\">\n\t\t\t\t\t\t\t<img fetchpriority=\"high\" decoding=\"async\" width=\"800\" height=\"480\" src=\"https:\/\/thisismuri.com\/wp-content\/uploads\/2025\/06\/The-Power-ECommerce-1024x614.webp\" class=\"attachment-large size-large wp-image-668\" alt=\"\" srcset=\"https:\/\/thisismuri.com\/wp-content\/uploads\/2025\/06\/The-Power-ECommerce-1024x614.webp 1024w, https:\/\/thisismuri.com\/wp-content\/uploads\/2025\/06\/The-Power-ECommerce-300x180.webp 300w, https:\/\/thisismuri.com\/wp-content\/uploads\/2025\/06\/The-Power-ECommerce-768x461.webp 768w, https:\/\/thisismuri.com\/wp-content\/uploads\/2025\/06\/The-Power-ECommerce-1536x922.webp 1536w, https:\/\/thisismuri.com\/wp-content\/uploads\/2025\/06\/The-Power-ECommerce.webp 1800w\" sizes=\"(max-width: 800px) 100vw, 800px\" \/>\t\t\t\t\t\t\t\t<\/a>\n\t\t\t\t\t\t\t\t\t\t\t\t\t\t\t<\/div>\n\t\t\t\t<\/div>\n\t\t\t\t<div class=\"elementor-element elementor-element-72699a0 elementor-widget elementor-widget-theme-post-title elementor-page-title elementor-widget-heading\" data-id=\"72699a0\" data-element_type=\"widget\" data-e-type=\"widget\" data-widget_type=\"theme-post-title.default\">\n\t\t\t\t<div class=\"elementor-widget-container\">\n\t\t\t\t\t<h1 class=\"elementor-heading-title elementor-size-default\"><a href=\"https:\/\/thisismuri.com\/en\/criacao-de-conteudo-de-blog-de-alta-qualidade-que-direciona-trafego\/\">Cria\u00e7\u00e3o de conte\u00fado de blog de alta qualidade que direciona tr\u00e1fego<\/a><\/h1>\t\t\t\t<\/div>\n\t\t\t\t<\/div>\n\t\t\t\t<\/div>\n\t\t\t\t<\/div>\n\t\t\t\t\t<\/div>\n\t\t\t\t<\/div>\n\t\t\t\t<\/div>\n\t\t\t\t<div data-elementor-type=\"loop-item\" data-elementor-id=\"657\" class=\"elementor elementor-657 e-loop-item e-loop-item-697 post-697 post type-post status-publish format-standard has-post-thumbnail hentry category-digital category-marketing\" data-elementor-post-type=\"elementor_library\" data-custom-edit-handle=\"1\">\n\t\t\t<div class=\"elementor-element elementor-element-58df99c e-flex e-con-boxed e-con e-parent\" data-id=\"58df99c\" data-element_type=\"container\" data-e-type=\"container\">\n\t\t\t\t\t<div class=\"e-con-inner\">\n\t\t<div class=\"elementor-element elementor-element-6435dbc e-con-full e-flex e-con e-child\" data-id=\"6435dbc\" data-element_type=\"container\" data-e-type=\"container\" data-settings=\"{&quot;background_background&quot;:&quot;classic&quot;}\">\n\t\t<div class=\"elementor-element elementor-element-8fba01e e-con-full e-flex e-con e-child\" data-id=\"8fba01e\" data-element_type=\"container\" data-e-type=\"container\">\n\t\t\t\t<div class=\"elementor-element elementor-element-336ab77 elementor-widget elementor-widget-theme-post-featured-image elementor-widget-image\" data-id=\"336ab77\" data-element_type=\"widget\" data-e-type=\"widget\" data-widget_type=\"theme-post-featured-image.default\">\n\t\t\t\t<div class=\"elementor-widget-container\">\n\t\t\t\t\t\t\t\t\t\t\t\t\t\t\t\t<a href=\"https:\/\/thisismuri.com\/en\/a-importancia-da-otimizacao-para-dispositivos-moveis-no-marketing-digital\/\">\n\t\t\t\t\t\t\t<img fetchpriority=\"high\" decoding=\"async\" width=\"800\" height=\"480\" src=\"https:\/\/thisismuri.com\/wp-content\/uploads\/2025\/06\/The-Power-ECommerce-1024x614.webp\" class=\"attachment-large size-large wp-image-668\" alt=\"\" srcset=\"https:\/\/thisismuri.com\/wp-content\/uploads\/2025\/06\/The-Power-ECommerce-1024x614.webp 1024w, https:\/\/thisismuri.com\/wp-content\/uploads\/2025\/06\/The-Power-ECommerce-300x180.webp 300w, https:\/\/thisismuri.com\/wp-content\/uploads\/2025\/06\/The-Power-ECommerce-768x461.webp 768w, https:\/\/thisismuri.com\/wp-content\/uploads\/2025\/06\/The-Power-ECommerce-1536x922.webp 1536w, https:\/\/thisismuri.com\/wp-content\/uploads\/2025\/06\/The-Power-ECommerce.webp 1800w\" sizes=\"(max-width: 800px) 100vw, 800px\" \/>\t\t\t\t\t\t\t\t<\/a>\n\t\t\t\t\t\t\t\t\t\t\t\t\t\t\t<\/div>\n\t\t\t\t<\/div>\n\t\t\t\t<div class=\"elementor-element elementor-element-72699a0 elementor-widget elementor-widget-theme-post-title elementor-page-title elementor-widget-heading\" data-id=\"72699a0\" data-element_type=\"widget\" data-e-type=\"widget\" data-widget_type=\"theme-post-title.default\">\n\t\t\t\t<div class=\"elementor-widget-container\">\n\t\t\t\t\t<h1 class=\"elementor-heading-title elementor-size-default\"><a href=\"https:\/\/thisismuri.com\/en\/a-importancia-da-otimizacao-para-dispositivos-moveis-no-marketing-digital\/\">A import\u00e2ncia da otimiza\u00e7\u00e3o para dispositivos m\u00f3veis no Marketing Digital<\/a><\/h1>\t\t\t\t<\/div>\n\t\t\t\t<\/div>\n\t\t\t\t<\/div>\n\t\t\t\t<\/div>\n\t\t\t\t\t<\/div>\n\t\t\t\t<\/div>\n\t\t\t\t<\/div>\n\t\t\t\t<div data-elementor-type=\"loop-item\" data-elementor-id=\"657\" class=\"elementor elementor-657 e-loop-item e-loop-item-677 post-677 post type-post status-publish format-standard has-post-thumbnail hentry category-digital category-marketing\" data-elementor-post-type=\"elementor_library\" data-custom-edit-handle=\"1\">\n\t\t\t<div class=\"elementor-element elementor-element-58df99c e-flex e-con-boxed e-con e-parent\" data-id=\"58df99c\" data-element_type=\"container\" data-e-type=\"container\">\n\t\t\t\t\t<div class=\"e-con-inner\">\n\t\t<div class=\"elementor-element elementor-element-6435dbc e-con-full e-flex e-con e-child\" data-id=\"6435dbc\" data-element_type=\"container\" data-e-type=\"container\" data-settings=\"{&quot;background_background&quot;:&quot;classic&quot;}\">\n\t\t<div class=\"elementor-element elementor-element-8fba01e e-con-full e-flex e-con e-child\" data-id=\"8fba01e\" data-element_type=\"container\" data-e-type=\"container\">\n\t\t\t\t<div class=\"elementor-element elementor-element-336ab77 elementor-widget elementor-widget-theme-post-featured-image elementor-widget-image\" data-id=\"336ab77\" data-element_type=\"widget\" data-e-type=\"widget\" data-widget_type=\"theme-post-featured-image.default\">\n\t\t\t\t<div class=\"elementor-widget-container\">\n\t\t\t\t\t\t\t\t\t\t\t\t\t\t\t\t<a href=\"https:\/\/thisismuri.com\/en\/o-papel-da-inteligencia-artificial-na-personalizacao-de-campanhas-de-marketing-digital\/\">\n\t\t\t\t\t\t\t<img fetchpriority=\"high\" decoding=\"async\" width=\"800\" height=\"480\" src=\"https:\/\/thisismuri.com\/wp-content\/uploads\/2025\/06\/The-Power-ECommerce-1024x614.webp\" class=\"attachment-large size-large wp-image-668\" alt=\"\" srcset=\"https:\/\/thisismuri.com\/wp-content\/uploads\/2025\/06\/The-Power-ECommerce-1024x614.webp 1024w, https:\/\/thisismuri.com\/wp-content\/uploads\/2025\/06\/The-Power-ECommerce-300x180.webp 300w, https:\/\/thisismuri.com\/wp-content\/uploads\/2025\/06\/The-Power-ECommerce-768x461.webp 768w, https:\/\/thisismuri.com\/wp-content\/uploads\/2025\/06\/The-Power-ECommerce-1536x922.webp 1536w, https:\/\/thisismuri.com\/wp-content\/uploads\/2025\/06\/The-Power-ECommerce.webp 1800w\" sizes=\"(max-width: 800px) 100vw, 800px\" \/>\t\t\t\t\t\t\t\t<\/a>\n\t\t\t\t\t\t\t\t\t\t\t\t\t\t\t<\/div>\n\t\t\t\t<\/div>\n\t\t\t\t<div class=\"elementor-element elementor-element-72699a0 elementor-widget elementor-widget-theme-post-title elementor-page-title elementor-widget-heading\" data-id=\"72699a0\" data-element_type=\"widget\" data-e-type=\"widget\" data-widget_type=\"theme-post-title.default\">\n\t\t\t\t<div class=\"elementor-widget-container\">\n\t\t\t\t\t<h1 class=\"elementor-heading-title elementor-size-default\"><a href=\"https:\/\/thisismuri.com\/en\/o-papel-da-inteligencia-artificial-na-personalizacao-de-campanhas-de-marketing-digital\/\">O papel da Intelig\u00eancia Artificial na personaliza\u00e7\u00e3o de campanhas de Marketing Digital<\/a><\/h1>\t\t\t\t<\/div>\n\t\t\t\t<\/div>\n\t\t\t\t<\/div>\n\t\t\t\t<\/div>\n\t\t\t\t\t<\/div>\n\t\t\t\t<\/div>\n\t\t\t\t<\/div>\n\t\t\t\t<div data-elementor-type=\"loop-item\" data-elementor-id=\"657\" class=\"elementor elementor-657 e-loop-item e-loop-item-605 post-605 post type-post status-publish format-standard has-post-thumbnail hentry category-marketing\" data-elementor-post-type=\"elementor_library\" data-custom-edit-handle=\"1\">\n\t\t\t<div class=\"elementor-element elementor-element-58df99c e-flex e-con-boxed e-con e-parent\" data-id=\"58df99c\" data-element_type=\"container\" data-e-type=\"container\">\n\t\t\t\t\t<div class=\"e-con-inner\">\n\t\t<div class=\"elementor-element elementor-element-6435dbc e-con-full e-flex e-con e-child\" data-id=\"6435dbc\" data-element_type=\"container\" data-e-type=\"container\" data-settings=\"{&quot;background_background&quot;:&quot;classic&quot;}\">\n\t\t<div class=\"elementor-element elementor-element-8fba01e e-con-full e-flex e-con e-child\" data-id=\"8fba01e\" data-element_type=\"container\" data-e-type=\"container\">\n\t\t\t\t<div class=\"elementor-element elementor-element-336ab77 elementor-widget elementor-widget-theme-post-featured-image elementor-widget-image\" data-id=\"336ab77\" data-element_type=\"widget\" data-e-type=\"widget\" data-widget_type=\"theme-post-featured-image.default\">\n\t\t\t\t<div class=\"elementor-widget-container\">\n\t\t\t\t\t\t\t\t\t\t\t\t\t\t\t\t<a href=\"https:\/\/thisismuri.com\/en\/o-poder-dos-anuncios-de-retargeting-em-e-commerce\/\">\n\t\t\t\t\t\t\t<img fetchpriority=\"high\" decoding=\"async\" width=\"800\" height=\"480\" src=\"https:\/\/thisismuri.com\/wp-content\/uploads\/2025\/06\/The-Power-ECommerce-1024x614.webp\" class=\"attachment-large size-large wp-image-668\" alt=\"\" srcset=\"https:\/\/thisismuri.com\/wp-content\/uploads\/2025\/06\/The-Power-ECommerce-1024x614.webp 1024w, https:\/\/thisismuri.com\/wp-content\/uploads\/2025\/06\/The-Power-ECommerce-300x180.webp 300w, https:\/\/thisismuri.com\/wp-content\/uploads\/2025\/06\/The-Power-ECommerce-768x461.webp 768w, https:\/\/thisismuri.com\/wp-content\/uploads\/2025\/06\/The-Power-ECommerce-1536x922.webp 1536w, https:\/\/thisismuri.com\/wp-content\/uploads\/2025\/06\/The-Power-ECommerce.webp 1800w\" sizes=\"(max-width: 800px) 100vw, 800px\" \/>\t\t\t\t\t\t\t\t<\/a>\n\t\t\t\t\t\t\t\t\t\t\t\t\t\t\t<\/div>\n\t\t\t\t<\/div>\n\t\t\t\t<div class=\"elementor-element elementor-element-72699a0 elementor-widget elementor-widget-theme-post-title elementor-page-title elementor-widget-heading\" data-id=\"72699a0\" data-element_type=\"widget\" data-e-type=\"widget\" data-widget_type=\"theme-post-title.default\">\n\t\t\t\t<div class=\"elementor-widget-container\">\n\t\t\t\t\t<h1 class=\"elementor-heading-title elementor-size-default\"><a href=\"https:\/\/thisismuri.com\/en\/o-poder-dos-anuncios-de-retargeting-em-e-commerce\/\">O poder dos an\u00fancios de retargeting em e-commerce<\/a><\/h1>\t\t\t\t<\/div>\n\t\t\t\t<\/div>\n\t\t\t\t<\/div>\n\t\t\t\t<\/div>\n\t\t\t\t\t<\/div>\n\t\t\t\t<\/div>\n\t\t\t\t<\/div>\n\t\t\t\t<\/div>\n\t\t\n\t\t\t\t\t\t<\/div>\n\t\t\t\t<\/div>\n\t\t\t\t\t<\/div>\n\t\t\t\t<\/div>\n\t\t\t\t<\/div>\n\t\t","protected":false},"excerpt":{"rendered":"","protected":false},"author":1,"featured_media":0,"parent":0,"menu_order":0,"comment_status":"closed","ping_status":"closed","template":"","meta":{"footnotes":""},"class_list":["post-35","page","type-page","status-publish","hentry"],"_links":{"self":[{"href":"https:\/\/thisismuri.com\/en\/wp-json\/wp\/v2\/pages\/35","targetHints":{"allow":["GET"]}}],"collection":[{"href":"https:\/\/thisismuri.com\/en\/wp-json\/wp\/v2\/pages"}],"about":[{"href":"https:\/\/thisismuri.com\/en\/wp-json\/wp\/v2\/types\/page"}],"author":[{"embeddable":true,"href":"https:\/\/thisismuri.com\/en\/wp-json\/wp\/v2\/users\/1"}],"replies":[{"embeddable":true,"href":"https:\/\/thisismuri.com\/en\/wp-json\/wp\/v2\/comments?post=35"}],"version-history":[{"count":10,"href":"https:\/\/thisismuri.com\/en\/wp-json\/wp\/v2\/pages\/35\/revisions"}],"predecessor-version":[{"id":999,"href":"https:\/\/thisismuri.com\/en\/wp-json\/wp\/v2\/pages\/35\/revisions\/999"}],"wp:attachment":[{"href":"https:\/\/thisismuri.com\/en\/wp-json\/wp\/v2\/media?parent=35"}],"curies":[{"name":"wp","href":"https:\/\/api.w.org\/{rel}","templated":true}]}}